{"id":36341,"date":"2023-03-08T15:18:25","date_gmt":"2023-03-08T15:18:25","guid":{"rendered":"https:\/\/www.kitatiptap.ch\/kuenye\/"},"modified":"2026-04-10T11:50:00","modified_gmt":"2026-04-10T11:50:00","slug":"kuenye","status":"publish","type":"page","link":"https:\/\/www.kitatiptap.ch\/tr\/kuenye\/","title":{"rendered":"K\u00fcnye"},"content":{"rendered":"\t\t<div data-elementor-type=\"wp-page\" data-elementor-id=\"36341\" class=\"elementor elementor-36341 elementor-197\" data-elementor-post-type=\"page\">\n\t\t\t\t\t\t<section class=\"elementor-section elementor-top-section elementor-element elementor-element-693dd46 elementor-section-boxed elementor-section-height-default elementor-section-height-default\" data-id=\"693dd46\" data-element_type=\"section\" data-e-type=\"section\">\n\t\t\t\t\t\t<div class=\"elementor-container elementor-column-gap-default\">\n\t\t\t\t\t<div class=\"elementor-column elementor-col-100 elementor-top-column elementor-element elementor-element-ce4c44e\" data-id=\"ce4c44e\" data-element_type=\"column\" data-e-type=\"column\">\n\t\t\t<div class=\"elementor-widget-wrap elementor-element-populated\">\n\t\t\t\t\t\t<section class=\"elementor-section elementor-inner-section elementor-element elementor-element-b9ee126 elementor-section-boxed elementor-section-height-default elementor-section-height-default\" data-id=\"b9ee126\" data-element_type=\"section\" data-e-type=\"section\">\n\t\t\t\t\t\t<div class=\"elementor-container elementor-column-gap-default\">\n\t\t\t\t\t<div class=\"elementor-column elementor-col-100 elementor-inner-column elementor-element elementor-element-905c60d\" data-id=\"905c60d\" data-element_type=\"column\" data-e-type=\"column\">\n\t\t\t<div class=\"elementor-widget-wrap elementor-element-populated\">\n\t\t\t\t\t\t<div class=\"elementor-element elementor-element-84863ef elementor-widget elementor-widget-text-editor\" data-id=\"84863ef\" data-element_type=\"widget\" data-e-type=\"widget\" data-widget_type=\"text-editor.default\">\n\t\t\t\t\t\t\t\t\t<h4>\u0130leti\u015fim adresi<\/h4><p>TipTap Lyss GmbH<br>Bahnhofstrasse 19<br>3250 Lyss<br><a href=\"mailto:info@kitatiptap.ch\">info@kitatiptap.ch<\/a><\/p><h4>Teknik ileti\u015fim<\/h4><p>Webtrics GmbH<br>Marktplatz 16<br>3250 Lyss<br><a href=\"mailto:info@webtrics.ch\" target=\"_blank\" rel=\"noopener noreferrer\">info@webtrics.ch<br><\/a><a href=\"http:\/\/www.webtrics.ch\/\" target=\"_blank\" rel=\"noopener noreferrer\">www.webtrics.ch<\/a><\/p><h4>\u015eirketi temsile yetkili ki\u015filer<\/h4><p>Stephanie Sch\u00fctz<\/p><h4>Ticaret sicil kayd\u0131<\/h4><p>Kay\u0131tl\u0131 \u015firket ad\u0131: TipTap Lyss GmbH<br>Numaras\u0131: CH-036.4.076.569-7<br>Ticari sicil dairesi: Bern<\/p><h4>KDV numaras\u0131<\/h4><p>CHE-495.461.028<\/p><h4>Sorumluluk Reddi<\/h4><p>Yazar, bilgilerin do\u011frulu\u011fu, kesinli\u011fi, g\u00fcncelli\u011fi, g\u00fcvenilirli\u011fi ve eksiksizli\u011fi ile ilgili olarak hi\u00e7bir sorumluluk kabul etmez.<\/p><p>Yay\u0131mlanan bilgilere eri\u015fimden veya bu bilgilerin kullan\u0131lmas\u0131ndan veya kullan\u0131lmamas\u0131ndan, ba\u011flant\u0131n\u0131n k\u00f6t\u00fcye kullan\u0131lmas\u0131ndan veya teknik ar\u0131zalardan kaynaklanan maddi veya manevi zararlar i\u00e7in yazara kar\u015f\u0131 sorumluluk talepleri hari\u00e7 tutulmu\u015ftur.<\/p><p>T\u00fcm teklifler ba\u011flay\u0131c\u0131 de\u011fildir. Yazar, sayfalar\u0131n baz\u0131 b\u00f6l\u00fcmlerini veya teklifin tamam\u0131n\u0131 \u00f6nceden haber vermeksizin de\u011fi\u015ftirme, ekleme veya silme ya da yay\u0131n\u0131 ge\u00e7ici veya kal\u0131c\u0131 olarak durdurma hakk\u0131n\u0131 a\u00e7\u0131k\u00e7a sakl\u0131 tutar.<\/p><h4>Ba\u011flant\u0131lar i\u00e7in sorumluluk<\/h4><p>\u00dc\u00e7\u00fcnc\u00fc taraf web sitelerine yap\u0131lan referanslar ve ba\u011flant\u0131lar sorumluluk alan\u0131m\u0131z\u0131n d\u0131\u015f\u0131ndad\u0131r. Bu t\u00fcr web siteleri i\u00e7in t\u00fcm sorumlulu\u011fu reddediyoruz. Bu t\u00fcr web sitelerine eri\u015fim ve kullan\u0131m riski kullan\u0131c\u0131n\u0131n kendisine aittir.<\/p><h4>Telif Haklar\u0131<\/h4><p>Web sitesindeki i\u00e7erik, g\u00f6r\u00fcnt\u00fc, foto\u011fraf veya di\u011fer dosyalar\u0131n telif hakk\u0131 ve di\u011fer t\u00fcm haklar\u0131 yaln\u0131zca <strong>TipTap Lyss GmbH<\/strong> &#8216;ye veya \u00f6zel olarak belirtilen hak sahiplerine aittir. Herhangi bir unsurun \u00e7o\u011falt\u0131lmas\u0131 i\u00e7in telif hakk\u0131 sahibinin yaz\u0131l\u0131 izni \u00f6nceden al\u0131nmal\u0131d\u0131r.<\/p><h4>Veri koruma<\/h4><p>\u0130svi\u00e7re Federal Anayasas\u0131&#8217;n\u0131n 13. Maddesi ve \u0130svi\u00e7re Konfederasyonu&#8217;nun veri koruma h\u00fck\u00fcmlerine (Veri Koruma Yasas\u0131, DSG) dayanarak, her ki\u015fi mahremiyetinin korunmas\u0131 ve ki\u015fisel verilerinin k\u00f6t\u00fcye kullan\u0131lmas\u0131na kar\u015f\u0131 korunma hakk\u0131na sahiptir. Bu h\u00fck\u00fcmlere uyuyoruz. Ki\u015fisel veriler kesinlikle gizli tutulur ve \u00fc\u00e7\u00fcnc\u00fc taraflara sat\u0131lmaz veya aktar\u0131lmaz.<\/p><p>Bar\u0131nd\u0131rma sa\u011flay\u0131c\u0131lar\u0131m\u0131zla yak\u0131n i\u015fbirli\u011fi i\u00e7inde, veri tabanlar\u0131n\u0131 yetkisiz eri\u015fim, kay\u0131p, k\u00f6t\u00fcye kullan\u0131m veya tahrifata kar\u015f\u0131 m\u00fcmk\u00fcn oldu\u011funca iyi korumaya \u00e7al\u0131\u015f\u0131yoruz.<\/p><p>Web sitemize eri\u015fti\u011finizde, a\u015fa\u011f\u0131daki veriler g\u00fcnl\u00fck dosyalar\u0131nda saklan\u0131r: IP adresi, tarih, saat, taray\u0131c\u0131 iste\u011fi ve genel veriler. i\u015fletim sistemi hakk\u0131nda bilgi iletti. Taray\u0131c\u0131. Bu kullan\u0131m verileri istatistiksel, anonim analizler i\u00e7in temel olu\u015fturur, b\u00f6ylece tekliflerimizi buna g\u00f6re iyile\u015ftirmek i\u00e7in kullanabilece\u011fimiz e\u011filimler belirlenebilir.<\/p>\t\t\t\t\t\t\t\t<\/div>\n\t\t\t\t\t<\/div>\n\t\t<\/div>\n\t\t\t\t\t<\/div>\n\t\t<\/section>\n\t\t\t\t\t<\/div>\n\t\t<\/div>\n\t\t\t\t\t<\/div>\n\t\t<\/section>\n\t\t\t\t<\/div>\n\t\t","protected":false},"excerpt":{"rendered":"<p>\u0130leti\u015fim adresi TipTap Lyss GmbHBahnhofstrasse 193250 Lyssinfo@kitatiptap.ch Teknik ileti\u015fim Webtrics GmbHMarktplatz 163250 Lyssinfo@webtrics.chwww.webtrics.ch \u015eirketi temsile yetkili ki\u015filer Stephanie Sch\u00fctz Ticaret sicil kayd\u0131 Kay\u0131tl\u0131 \u015firket ad\u0131: TipTap Lyss GmbHNumaras\u0131: CH-036.4.076.569-7Ticari sicil dairesi: Bern KDV numaras\u0131 CHE-495.461.028 Sorumluluk Reddi Yazar, bilgilerin do\u011frulu\u011fu, kesinli\u011fi, g\u00fcncelli\u011fi, g\u00fcvenilirli\u011fi ve eksiksizli\u011fi ile ilgili olarak hi\u00e7bir sorumluluk kabul etmez. Yay\u0131mlanan bilgilere eri\u015fimden [&hellip;]<\/p>\n","protected":false},"author":1,"featured_media":0,"parent":0,"menu_order":22,"comment_status":"closed","ping_status":"closed","template":"","meta":{"footnotes":""},"class_list":["post-36341","page","type-page","status-publish","hentry"],"_links":{"self":[{"href":"https:\/\/www.kitatiptap.ch\/tr\/wp-json\/wp\/v2\/pages\/36341","targetHints":{"allow":["GET"]}}],"collection":[{"href":"https:\/\/www.kitatiptap.ch\/tr\/wp-json\/wp\/v2\/pages"}],"about":[{"href":"https:\/\/www.kitatiptap.ch\/tr\/wp-json\/wp\/v2\/types\/page"}],"author":[{"embeddable":true,"href":"https:\/\/www.kitatiptap.ch\/tr\/wp-json\/wp\/v2\/users\/1"}],"replies":[{"embeddable":true,"href":"https:\/\/www.kitatiptap.ch\/tr\/wp-json\/wp\/v2\/comments?post=36341"}],"version-history":[{"count":2,"href":"https:\/\/www.kitatiptap.ch\/tr\/wp-json\/wp\/v2\/pages\/36341\/revisions"}],"predecessor-version":[{"id":44255,"href":"https:\/\/www.kitatiptap.ch\/tr\/wp-json\/wp\/v2\/pages\/36341\/revisions\/44255"}],"wp:attachment":[{"href":"https:\/\/www.kitatiptap.ch\/tr\/wp-json\/wp\/v2\/media?parent=36341"}],"curies":[{"name":"wp","href":"https:\/\/api.w.org\/{rel}","templated":true}]}}