{"id":35447,"date":"2024-01-12T09:10:13","date_gmt":"2024-01-12T09:10:13","guid":{"rendered":"https:\/\/www.kitatiptap.ch\/tipi-maskotu\/"},"modified":"2024-01-22T13:01:22","modified_gmt":"2024-01-22T13:01:22","slug":"tipi-maskotu","status":"publish","type":"page","link":"https:\/\/www.kitatiptap.ch\/tr\/tipi-maskotu\/","title":{"rendered":"TIPI maskotu"},"content":{"rendered":"\t\t<div data-elementor-type=\"wp-page\" data-elementor-id=\"35447\" class=\"elementor elementor-35447 elementor-35246\" data-elementor-post-type=\"page\">\n\t\t\t\t\t\t<section class=\"elementor-section elementor-top-section elementor-element elementor-element-fa3487c elementor-section-height-min-height elementor-section-items-bottom elementor-section-boxed elementor-section-height-default\" data-id=\"fa3487c\" data-element_type=\"section\" data-e-type=\"section\" data-settings=\"{&quot;background_background&quot;:&quot;classic&quot;,&quot;shape_divider_bottom&quot;:&quot;mountains&quot;}\">\n\t\t\t\t\t<div class=\"elementor-shape elementor-shape-bottom\" aria-hidden=\"true\" data-negative=\"false\">\n\t\t\t<svg xmlns=\"http:\/\/www.w3.org\/2000\/svg\" viewBox=\"0 0 1000 100\" preserveAspectRatio=\"none\">\n\t<path class=\"elementor-shape-fill\" opacity=\"0.33\" d=\"M473,67.3c-203.9,88.3-263.1-34-320.3,0C66,119.1,0,59.7,0,59.7V0h1000v59.7 c0,0-62.1,26.1-94.9,29.3c-32.8,3.3-62.8-12.3-75.8-22.1C806,49.6,745.3,8.7,694.9,4.7S492.4,59,473,67.3z\"\/>\n\t<path class=\"elementor-shape-fill\" opacity=\"0.66\" d=\"M734,67.3c-45.5,0-77.2-23.2-129.1-39.1c-28.6-8.7-150.3-10.1-254,39.1 s-91.7-34.4-149.2,0C115.7,118.3,0,39.8,0,39.8V0h1000v36.5c0,0-28.2-18.5-92.1-18.5C810.2,18.1,775.7,67.3,734,67.3z\"\/>\n\t<path class=\"elementor-shape-fill\" d=\"M766.1,28.9c-200-57.5-266,65.5-395.1,19.5C242,1.8,242,5.4,184.8,20.6C128,35.8,132.3,44.9,89.9,52.5C28.6,63.7,0,0,0,0 h1000c0,0-9.9,40.9-83.6,48.1S829.6,47,766.1,28.9z\"\/>\n<\/svg>\t\t<\/div>\n\t\t\t\t\t<div class=\"elementor-container elementor-column-gap-no\">\n\t\t\t\t\t<div class=\"elementor-column elementor-col-100 elementor-top-column elementor-element elementor-element-5af400e\" data-id=\"5af400e\" data-element_type=\"column\" data-e-type=\"column\">\n\t\t\t<div class=\"elementor-widget-wrap elementor-element-populated\">\n\t\t\t\t\t\t<div class=\"elementor-element elementor-element-d08edee elementor-widget__width-auto elementor-widget-tablet__width-inherit elementor-invisible elementor-widget elementor-widget-heading\" data-id=\"d08edee\" data-element_type=\"widget\" data-e-type=\"widget\" data-settings=\"{&quot;_animation&quot;:&quot;fadeInDown&quot;}\" data-widget_type=\"heading.default\">\n\t\t\t\t\t<h1 class=\"elementor-heading-title elementor-size-default\">TIPI maskotu<\/h1>\t\t\t\t<\/div>\n\t\t\t\t\t<\/div>\n\t\t<\/div>\n\t\t\t\t\t<\/div>\n\t\t<\/section>\n\t\t\t\t<section class=\"elementor-section elementor-top-section elementor-element elementor-element-132b6bf elementor-section-boxed elementor-section-height-default elementor-section-height-default\" data-id=\"132b6bf\" data-element_type=\"section\" data-e-type=\"section\">\n\t\t\t\t\t\t<div class=\"elementor-container elementor-column-gap-default\">\n\t\t\t\t\t<div class=\"elementor-column elementor-col-100 elementor-top-column elementor-element elementor-element-0a1eb04\" data-id=\"0a1eb04\" data-element_type=\"column\" data-e-type=\"column\">\n\t\t\t<div class=\"elementor-widget-wrap elementor-element-populated\">\n\t\t\t\t\t\t<div class=\"elementor-element elementor-element-9a9c850 elementor-widget elementor-widget-heading\" data-id=\"9a9c850\" data-element_type=\"widget\" data-e-type=\"widget\" data-widget_type=\"heading.default\">\n\t\t\t\t\t<h6 class=\"elementor-heading-title elementor-size-default\">Ger\u00e7ek bir dost<\/h6>\t\t\t\t<\/div>\n\t\t\t\t<div class=\"elementor-element elementor-element-b0e9b84 elementor-widget elementor-widget-heading\" data-id=\"b0e9b84\" data-element_type=\"widget\" data-e-type=\"widget\" data-widget_type=\"heading.default\">\n\t\t\t\t\t<h2 class=\"elementor-heading-title elementor-size-default\">TIPI  <\/h2>\t\t\t\t<\/div>\n\t\t\t\t<section class=\"elementor-section elementor-inner-section elementor-element elementor-element-b781abb elementor-section-boxed elementor-section-height-default elementor-section-height-default\" data-id=\"b781abb\" data-element_type=\"section\" data-e-type=\"section\">\n\t\t\t\t\t\t<div class=\"elementor-container elementor-column-gap-default\">\n\t\t\t\t\t<div class=\"elementor-column elementor-col-50 elementor-inner-column elementor-element elementor-element-b571965\" data-id=\"b571965\" data-element_type=\"column\" data-e-type=\"column\">\n\t\t\t<div class=\"elementor-widget-wrap elementor-element-populated\">\n\t\t\t\t\t\t<div class=\"elementor-element elementor-element-0272dc5 elementor-widget elementor-widget-text-editor\" data-id=\"0272dc5\" data-element_type=\"widget\" data-e-type=\"widget\" data-widget_type=\"text-editor.default\">\n\t\t\t\t\t\t\t\t\t<p><strong>Tipi kimdir?<\/strong><\/p>\n<p>Tipi, e\u011flence, macera ve pozitif enerjiyi temsil eden ne\u015feli ve arkada\u015f canl\u0131s\u0131 bir maskottur. Tipi bir da\u011f s\u0131\u00e7an\u0131 ve \u0131\u015f\u0131lt\u0131l\u0131 g\u00fcl\u00fcmsemesiyle bize \u00f6zel bir sihir getiriyor.<\/p>\n<p><strong>Tipi&#8217;yi bu kadar \u00f6zel yapan nedir?<\/strong><\/p>\n<p>Tipi, \u00e7ocuklarla oynamay\u0131, yarat\u0131c\u0131l\u0131klar\u0131n\u0131 beslemeyi ve onlar\u0131 \u00e7evrelerindeki d\u00fcnyay\u0131 ke\u015ffetmeye te\u015fvik etmeyi seviyor. Birlikte hikayeler anlatmak, komik danslar yapmak veya k\u00fc\u00e7\u00fck bulmacalar \u00e7\u00f6zmek olsun &#8211; Tipi her zaman oradad\u0131r ve unutulmaz anlar ya\u015fat\u0131r.<\/p>\n<p><strong>Tipi faaliyetlerimize nas\u0131l entegre ediliyor?<\/strong><\/p>\n<p>Tipi, gelecekte okul festivalleri, do\u011fum g\u00fcn\u00fc partileri veya \u00f6zel tema g\u00fcnleri gibi \u00e7e\u015fitli etkinliklerde yer alacak. Tipi&#8217;yi, \u00e7ocuklar\u0131 oyun yoluyla yeni \u015feyler ke\u015ffetmeye motive etti\u011fi \u00f6\u011frenme etkinliklerimizde de g\u00f6receksiniz.<\/p>\n<p>Tipi&#8217;yi selamlamaktan ve ona sorular sormaktan \u00e7ekinmeyin. Ne\u015fe yaymak ve olumlu bir atmosfer yaratmak i\u00e7in buradad\u0131r. Tipi ile birlikte unutulmaz bir zaman ge\u00e7irelim!<\/p>\n\t\t\t\t\t\t\t\t<\/div>\n\t\t\t\t\t<\/div>\n\t\t<\/div>\n\t\t\t\t<div class=\"elementor-column elementor-col-50 elementor-inner-column elementor-element elementor-element-3372ff2\" data-id=\"3372ff2\" data-element_type=\"column\" data-e-type=\"column\">\n\t\t\t<div class=\"elementor-widget-wrap elementor-element-populated\">\n\t\t\t\t\t\t<div class=\"elementor-element elementor-element-8dbdb12 elementor-widget elementor-widget-image\" data-id=\"8dbdb12\" data-element_type=\"widget\" data-e-type=\"widget\" data-widget_type=\"image.default\">\n\t\t\t\t\t\t\t\t\t\t\t\t\t\t\t<img fetchpriority=\"high\" decoding=\"async\" width=\"577\" height=\"1024\" src=\"https:\/\/www.kitatiptap.ch\/wp-content\/uploads\/2024\/01\/IMG-20240111-WA0033-577x1024.jpg\" class=\"attachment-large size-large wp-image-35452\" alt=\"\" srcset=\"https:\/\/www.kitatiptap.ch\/wp-content\/uploads\/2024\/01\/IMG-20240111-WA0033-577x1024.jpg 577w, https:\/\/www.kitatiptap.ch\/wp-content\/uploads\/2024\/01\/IMG-20240111-WA0033-169x300.jpg 169w, https:\/\/www.kitatiptap.ch\/wp-content\/uploads\/2024\/01\/IMG-20240111-WA0033-768x1362.jpg 768w, https:\/\/www.kitatiptap.ch\/wp-content\/uploads\/2024\/01\/IMG-20240111-WA0033.jpg 812w\" sizes=\"(max-width: 577px) 100vw, 577px\" \/>\t\t\t\t\t\t\t\t\t\t\t\t\t\t\t<\/div>\n\t\t\t\t\t<\/div>\n\t\t<\/div>\n\t\t\t\t\t<\/div>\n\t\t<\/section>\n\t\t\t\t<div class=\"elementor-element elementor-element-d65680c elementor-widget elementor-widget-spacer\" data-id=\"d65680c\" data-element_type=\"widget\" data-e-type=\"widget\" data-widget_type=\"spacer.default\">\n\t\t\t\t\t\t\t<div class=\"elementor-spacer\">\n\t\t\t<div class=\"elementor-spacer-inner\"><\/div>\n\t\t<\/div>\n\t\t\t\t\t\t<\/div>\n\t\t\t\t\t<\/div>\n\t\t<\/div>\n\t\t\t\t\t<\/div>\n\t\t<\/section>\n\t\t\t\t<\/div>\n\t\t","protected":false},"excerpt":{"rendered":"<p>TIPI maskotu Ger\u00e7ek bir dost TIPI Tipi kimdir? Tipi, e\u011flence, macera ve pozitif enerjiyi temsil eden ne\u015feli ve arkada\u015f canl\u0131s\u0131 bir maskottur. Tipi bir da\u011f s\u0131\u00e7an\u0131 ve \u0131\u015f\u0131lt\u0131l\u0131 g\u00fcl\u00fcmsemesiyle bize \u00f6zel bir sihir getiriyor. Tipi&#8217;yi bu kadar \u00f6zel yapan nedir? Tipi, \u00e7ocuklarla oynamay\u0131, yarat\u0131c\u0131l\u0131klar\u0131n\u0131 beslemeyi ve onlar\u0131 \u00e7evrelerindeki d\u00fcnyay\u0131 ke\u015ffetmeye te\u015fvik etmeyi seviyor. Birlikte hikayeler [&hellip;]<\/p>\n","protected":false},"author":3,"featured_media":0,"parent":0,"menu_order":0,"comment_status":"closed","ping_status":"closed","template":"","meta":{"footnotes":""},"class_list":["post-35447","page","type-page","status-publish","hentry"],"_links":{"self":[{"href":"https:\/\/www.kitatiptap.ch\/tr\/wp-json\/wp\/v2\/pages\/35447","targetHints":{"allow":["GET"]}}],"collection":[{"href":"https:\/\/www.kitatiptap.ch\/tr\/wp-json\/wp\/v2\/pages"}],"about":[{"href":"https:\/\/www.kitatiptap.ch\/tr\/wp-json\/wp\/v2\/types\/page"}],"author":[{"embeddable":true,"href":"https:\/\/www.kitatiptap.ch\/tr\/wp-json\/wp\/v2\/users\/3"}],"replies":[{"embeddable":true,"href":"https:\/\/www.kitatiptap.ch\/tr\/wp-json\/wp\/v2\/comments?post=35447"}],"version-history":[{"count":0,"href":"https:\/\/www.kitatiptap.ch\/tr\/wp-json\/wp\/v2\/pages\/35447\/revisions"}],"wp:attachment":[{"href":"https:\/\/www.kitatiptap.ch\/tr\/wp-json\/wp\/v2\/media?parent=35447"}],"curies":[{"name":"wp","href":"https:\/\/api.w.org\/{rel}","templated":true}]}}