{"id":32021,"date":"2023-03-08T15:35:21","date_gmt":"2023-03-08T15:35:21","guid":{"rendered":"https:\/\/www.kitatiptap.ch\/oferta\/gastronomi\/"},"modified":"2024-01-22T14:23:08","modified_gmt":"2024-01-22T14:23:08","slug":"gastronomi","status":"publish","type":"page","link":"https:\/\/www.kitatiptap.ch\/sq\/oferta\/gastronomi\/","title":{"rendered":"gastronomi"},"content":{"rendered":"\t\t<div data-elementor-type=\"wp-page\" data-elementor-id=\"32021\" class=\"elementor elementor-32021 elementor-232\" data-elementor-post-type=\"page\">\n\t\t\t\t\t\t<section class=\"elementor-section elementor-top-section elementor-element elementor-element-7c5bbdf0 elementor-section-height-min-height elementor-section-items-bottom elementor-section-boxed elementor-section-height-default\" data-id=\"7c5bbdf0\" data-element_type=\"section\" data-e-type=\"section\" data-settings=\"{&quot;background_background&quot;:&quot;classic&quot;,&quot;shape_divider_bottom&quot;:&quot;mountains&quot;}\">\n\t\t\t\t\t<div class=\"elementor-shape elementor-shape-bottom\" aria-hidden=\"true\" data-negative=\"false\">\n\t\t\t<svg xmlns=\"http:\/\/www.w3.org\/2000\/svg\" viewBox=\"0 0 1000 100\" preserveAspectRatio=\"none\">\n\t<path class=\"elementor-shape-fill\" opacity=\"0.33\" d=\"M473,67.3c-203.9,88.3-263.1-34-320.3,0C66,119.1,0,59.7,0,59.7V0h1000v59.7 c0,0-62.1,26.1-94.9,29.3c-32.8,3.3-62.8-12.3-75.8-22.1C806,49.6,745.3,8.7,694.9,4.7S492.4,59,473,67.3z\"\/>\n\t<path class=\"elementor-shape-fill\" opacity=\"0.66\" d=\"M734,67.3c-45.5,0-77.2-23.2-129.1-39.1c-28.6-8.7-150.3-10.1-254,39.1 s-91.7-34.4-149.2,0C115.7,118.3,0,39.8,0,39.8V0h1000v36.5c0,0-28.2-18.5-92.1-18.5C810.2,18.1,775.7,67.3,734,67.3z\"\/>\n\t<path class=\"elementor-shape-fill\" d=\"M766.1,28.9c-200-57.5-266,65.5-395.1,19.5C242,1.8,242,5.4,184.8,20.6C128,35.8,132.3,44.9,89.9,52.5C28.6,63.7,0,0,0,0 h1000c0,0-9.9,40.9-83.6,48.1S829.6,47,766.1,28.9z\"\/>\n<\/svg>\t\t<\/div>\n\t\t\t\t\t<div class=\"elementor-container elementor-column-gap-no\">\n\t\t\t\t\t<div class=\"elementor-column elementor-col-100 elementor-top-column elementor-element elementor-element-ab2b31a\" data-id=\"ab2b31a\" data-element_type=\"column\" data-e-type=\"column\">\n\t\t\t<div class=\"elementor-widget-wrap elementor-element-populated\">\n\t\t\t\t\t\t<div class=\"elementor-element elementor-element-2cbf26a2 elementor-widget__width-auto elementor-widget-tablet__width-inherit elementor-invisible elementor-widget elementor-widget-heading\" data-id=\"2cbf26a2\" data-element_type=\"widget\" data-e-type=\"widget\" data-settings=\"{&quot;_animation&quot;:&quot;fadeInDown&quot;}\" data-widget_type=\"heading.default\">\n\t\t\t\t\t<h1 class=\"elementor-heading-title elementor-size-default\">gastronomi<\/h1>\t\t\t\t<\/div>\n\t\t\t\t\t<\/div>\n\t\t<\/div>\n\t\t\t\t\t<\/div>\n\t\t<\/section>\n\t\t\t\t<section class=\"elementor-section elementor-top-section elementor-element elementor-element-20453376 elementor-section-boxed elementor-section-height-default elementor-section-height-default\" data-id=\"20453376\" data-element_type=\"section\" data-e-type=\"section\">\n\t\t\t\t\t\t<div class=\"elementor-container elementor-column-gap-default\">\n\t\t\t\t\t<div class=\"elementor-column elementor-col-33 elementor-top-column elementor-element elementor-element-49233c5b\" data-id=\"49233c5b\" data-element_type=\"column\" data-e-type=\"column\">\n\t\t\t<div class=\"elementor-widget-wrap elementor-element-populated\">\n\t\t\t\t\t\t<div class=\"elementor-element elementor-element-25de8855 elementor-widget elementor-widget-heading\" data-id=\"25de8855\" data-element_type=\"widget\" data-e-type=\"widget\" data-widget_type=\"heading.default\">\n\t\t\t\t\t<h6 class=\"elementor-heading-title elementor-size-default\">\u00e7far\u00eb ham\u00eb<\/h6>\t\t\t\t<\/div>\n\t\t\t\t<div class=\"elementor-element elementor-element-6e3a835a elementor-widget elementor-widget-heading\" data-id=\"6e3a835a\" data-element_type=\"widget\" data-e-type=\"widget\" data-widget_type=\"heading.default\">\n\t\t\t\t\t<h2 class=\"elementor-heading-title elementor-size-default\">vaktet<\/h2>\t\t\t\t<\/div>\n\t\t\t\t<div class=\"elementor-element elementor-element-309030dd elementor-widget elementor-widget-text-editor\" data-id=\"309030dd\" data-element_type=\"widget\" data-e-type=\"widget\" data-widget_type=\"text-editor.default\">\n\t\t\t\t\t\t\t\t\t<p>Synimi yn\u00eb n\u00eb qendr\u00ebn e kujdesit ditor TIPTAP \u00ebsht\u00eb t\u00eb sigurojm\u00eb q\u00eb f\u00ebmij\u00ebt t\u00eb marrin t\u00eb gjitha l\u00ebnd\u00ebt ushqyese q\u00eb u nevojiten p\u00ebr zhvillimin e tyre n\u00eb vaktet e tyre. Kjo \u00ebsht\u00eb arsyeja pse ne ofrojm\u00eb nj\u00eb diet\u00eb t\u00eb ekuilibruar me shum\u00eb fruta dhe perime \u00e7do dit\u00eb. Ushqimet tona p\u00ebrgatiten n\u00eb vend dhe ne i kushtojm\u00eb shum\u00eb r\u00ebnd\u00ebsi shum\u00ebllojshm\u00ebris\u00eb dhe p\u00ebrdorimit t\u00eb p\u00ebrb\u00ebr\u00ebsve t\u00eb fresk\u00ebt. Ne blejm\u00eb n\u00eb rajon (Zeland\u00eb) dhe p\u00ebrdorim produkte sezonale sa m\u00eb shpesh t\u00eb jet\u00eb e mundur.<\/p>\n<p>Ne duam q\u00eb f\u00ebmij\u00ebt t\u00eb marrin pjes\u00eb aktive n\u00eb blerjet ushqimore dhe k\u00ebshtu t\u00eb fitojn\u00eb nj\u00eb pasqyr\u00eb n\u00eb p\u00ebrzgjedhjen dhe origjin\u00ebn e sendeve ushqimore. Gjat\u00eb p\u00ebrgatitjes s\u00eb ushqimit, ne i inkurajojm\u00eb f\u00ebmij\u00ebt t\u00eb na ndihmojn\u00eb n\u00eb m\u00ebnyr\u00eb q\u00eb ata t\u00eb mund t\u00eb shohin se nga \u00e7far\u00eb p\u00ebrb\u00ebr\u00ebsish p\u00ebrb\u00ebhen ushqimet e tyre. Ne gjithashtu pjekim rregullisht s\u00eb bashku n\u00eb grup.<\/p>\n<p>Ne duam t\u00eb motivojm\u00eb dhe frym\u00ebzojm\u00eb f\u00ebmij\u00ebt n\u00eb \u00e7do situat\u00eb. \u00cbsht\u00eb ve\u00e7an\u00ebrisht e r\u00ebnd\u00ebsishme p\u00ebr ne q\u00eb ata t\u00eb m\u00ebsojn\u00eb ta trajtojn\u00eb ushqimin me respekt.<\/p>\n\t\t\t\t\t\t\t\t<\/div>\n\t\t\t\t<div class=\"elementor-element elementor-element-97b5458 elementor-widget__width-initial elementor-absolute elementor-hidden-tablet elementor-hidden-phone elementor-invisible elementor-widget elementor-widget-spacer\" data-id=\"97b5458\" data-element_type=\"widget\" data-e-type=\"widget\" data-settings=\"{&quot;_position&quot;:&quot;absolute&quot;,&quot;motion_fx_motion_fx_scrolling&quot;:&quot;yes&quot;,&quot;motion_fx_translateY_effect&quot;:&quot;yes&quot;,&quot;motion_fx_translateY_direction&quot;:&quot;negative&quot;,&quot;motion_fx_translateY_speed&quot;:{&quot;unit&quot;:&quot;px&quot;,&quot;size&quot;:2,&quot;sizes&quot;:[]},&quot;motion_fx_translateY_affectedRange&quot;:{&quot;unit&quot;:&quot;%&quot;,&quot;size&quot;:&quot;&quot;,&quot;sizes&quot;:{&quot;start&quot;:0,&quot;end&quot;:67}},&quot;_animation&quot;:&quot;zoomInRight&quot;,&quot;motion_fx_devices&quot;:[&quot;desktop&quot;,&quot;tablet&quot;,&quot;mobile&quot;]}\" data-widget_type=\"spacer.default\">\n\t\t\t\t\t\t\t<div class=\"elementor-spacer\">\n\t\t\t<div class=\"elementor-spacer-inner\"><\/div>\n\t\t<\/div>\n\t\t\t\t\t\t<\/div>\n\t\t\t\t<div class=\"elementor-element elementor-element-42830d12 elementor-widget__width-initial elementor-absolute elementor-hidden-tablet elementor-hidden-phone elementor-invisible elementor-widget elementor-widget-spacer\" data-id=\"42830d12\" data-element_type=\"widget\" data-e-type=\"widget\" data-settings=\"{&quot;_position&quot;:&quot;absolute&quot;,&quot;motion_fx_motion_fx_scrolling&quot;:&quot;yes&quot;,&quot;motion_fx_translateY_effect&quot;:&quot;yes&quot;,&quot;motion_fx_translateY_speed&quot;:{&quot;unit&quot;:&quot;px&quot;,&quot;size&quot;:2,&quot;sizes&quot;:[]},&quot;_animation&quot;:&quot;zoomInLeft&quot;,&quot;motion_fx_translateY_affectedRange&quot;:{&quot;unit&quot;:&quot;%&quot;,&quot;size&quot;:&quot;&quot;,&quot;sizes&quot;:{&quot;start&quot;:0,&quot;end&quot;:100}},&quot;motion_fx_devices&quot;:[&quot;desktop&quot;,&quot;tablet&quot;,&quot;mobile&quot;]}\" data-widget_type=\"spacer.default\">\n\t\t\t\t\t\t\t<div class=\"elementor-spacer\">\n\t\t\t<div class=\"elementor-spacer-inner\"><\/div>\n\t\t<\/div>\n\t\t\t\t\t\t<\/div>\n\t\t\t\t\t<\/div>\n\t\t<\/div>\n\t\t\t\t<div class=\"elementor-column elementor-col-33 elementor-top-column elementor-element elementor-element-32ec6825\" data-id=\"32ec6825\" data-element_type=\"column\" data-e-type=\"column\">\n\t\t\t<div class=\"elementor-widget-wrap\">\n\t\t\t\t\t\t\t<\/div>\n\t\t<\/div>\n\t\t\t\t<div class=\"elementor-column elementor-col-33 elementor-top-column elementor-element elementor-element-22c3cab5\" data-id=\"22c3cab5\" data-element_type=\"column\" data-e-type=\"column\">\n\t\t\t<div class=\"elementor-widget-wrap elementor-element-populated\">\n\t\t\t\t\t\t<div class=\"elementor-element elementor-element-5a3ab8cd elementor-widget elementor-widget-image\" data-id=\"5a3ab8cd\" data-element_type=\"widget\" data-e-type=\"widget\" data-widget_type=\"image.default\">\n\t\t\t\t\t\t\t\t\t\t\t\t\t\t\t<img fetchpriority=\"high\" decoding=\"async\" width=\"600\" height=\"338\" src=\"https:\/\/www.kitatiptap.ch\/wp-content\/uploads\/2023\/05\/csm_e64a4fb957615e662794c3d618240eaa5cf5d4ab_94b8bce2c0.jpeg\" class=\"attachment-medium_large size-medium_large wp-image-8097\" alt=\"vegetables\" srcset=\"https:\/\/www.kitatiptap.ch\/wp-content\/uploads\/2023\/05\/csm_e64a4fb957615e662794c3d618240eaa5cf5d4ab_94b8bce2c0.jpeg 600w, https:\/\/www.kitatiptap.ch\/wp-content\/uploads\/2023\/05\/csm_e64a4fb957615e662794c3d618240eaa5cf5d4ab_94b8bce2c0-300x169.jpeg 300w\" sizes=\"(max-width: 600px) 100vw, 600px\" \/>\t\t\t\t\t\t\t\t\t\t\t\t\t\t\t<\/div>\n\t\t\t\t\t<\/div>\n\t\t<\/div>\n\t\t\t\t\t<\/div>\n\t\t<\/section>\n\t\t\t\t<section class=\"elementor-section elementor-top-section elementor-element elementor-element-540dcc81 elementor-section-boxed elementor-section-height-default elementor-section-height-default\" data-id=\"540dcc81\" data-element_type=\"section\" data-e-type=\"section\">\n\t\t\t\t\t\t<div class=\"elementor-container elementor-column-gap-default\">\n\t\t\t\t\t<div class=\"elementor-column elementor-col-100 elementor-top-column elementor-element elementor-element-5efdb835\" data-id=\"5efdb835\" data-element_type=\"column\" data-e-type=\"column\">\n\t\t\t<div class=\"elementor-widget-wrap elementor-element-populated\">\n\t\t\t\t\t\t<div class=\"elementor-element elementor-element-1ae013c elementor-widget elementor-widget-heading\" data-id=\"1ae013c\" data-element_type=\"widget\" data-e-type=\"widget\" data-widget_type=\"heading.default\">\n\t\t\t\t\t<h4 class=\"elementor-heading-title elementor-size-default\">most\u00ebr e planit t\u00eb menus\u00eb<\/h4>\t\t\t\t<\/div>\n\t\t\t\t<div class=\"elementor-element elementor-element-4bb74066 elementor-hidden-phone elementor-widget elementor-widget-spacer\" data-id=\"4bb74066\" data-element_type=\"widget\" data-e-type=\"widget\" data-widget_type=\"spacer.default\">\n\t\t\t\t\t\t\t<div class=\"elementor-spacer\">\n\t\t\t<div class=\"elementor-spacer-inner\"><\/div>\n\t\t<\/div>\n\t\t\t\t\t\t<\/div>\n\t\t\t\t<div class=\"elementor-element elementor-element-7dd1dcc elementor-widget elementor-widget-image\" data-id=\"7dd1dcc\" data-element_type=\"widget\" data-e-type=\"widget\" data-widget_type=\"image.default\">\n\t\t\t\t\t\t\t\t\t\t\t\t\t\t\t<img decoding=\"async\" width=\"800\" height=\"566\" src=\"https:\/\/www.kitatiptap.ch\/wp-content\/uploads\/2023\/11\/Menueplan-MUSTER-1024x724.jpg\" class=\"attachment-large size-large wp-image-34763\" alt=\"\" srcset=\"https:\/\/www.kitatiptap.ch\/wp-content\/uploads\/2023\/11\/Menueplan-MUSTER-1024x724.jpg 1024w, https:\/\/www.kitatiptap.ch\/wp-content\/uploads\/2023\/11\/Menueplan-MUSTER-300x212.jpg 300w, https:\/\/www.kitatiptap.ch\/wp-content\/uploads\/2023\/11\/Menueplan-MUSTER-768x543.jpg 768w, https:\/\/www.kitatiptap.ch\/wp-content\/uploads\/2023\/11\/Menueplan-MUSTER-1536x1086.jpg 1536w, https:\/\/www.kitatiptap.ch\/wp-content\/uploads\/2023\/11\/Menueplan-MUSTER.jpg 1754w\" sizes=\"(max-width: 800px) 100vw, 800px\" \/>\t\t\t\t\t\t\t\t\t\t\t\t\t\t\t<\/div>\n\t\t\t\t<div class=\"elementor-element elementor-element-ffc39ae elementor-widget elementor-widget-text-editor\" data-id=\"ffc39ae\" data-element_type=\"widget\" data-e-type=\"widget\" data-widget_type=\"text-editor.default\">\n\t\t\t\t\t\t\t\t\t<p>Ne p\u00ebrdorim kryesisht mish zviceran. Deklarohen raste t\u00eb jasht\u00ebzakonshme. Ne rezervojm\u00eb t\u00eb drejt\u00ebn p\u00ebr t\u00eb b\u00ebr\u00eb ndryshime afatshkurtra.<\/p>\n\t\t\t\t\t\t\t\t<\/div>\n\t\t\t\t\t<\/div>\n\t\t<\/div>\n\t\t\t\t\t<\/div>\n\t\t<\/section>\n\t\t\t\t<\/div>\n\t\t","protected":false},"excerpt":{"rendered":"<p>gastronomi \u00e7far\u00eb ham\u00eb vaktet Synimi yn\u00eb n\u00eb qendr\u00ebn e kujdesit ditor TIPTAP \u00ebsht\u00eb t\u00eb sigurojm\u00eb q\u00eb f\u00ebmij\u00ebt t\u00eb marrin t\u00eb gjitha l\u00ebnd\u00ebt ushqyese q\u00eb u nevojiten p\u00ebr zhvillimin e tyre n\u00eb vaktet e tyre. Kjo \u00ebsht\u00eb arsyeja pse ne ofrojm\u00eb nj\u00eb diet\u00eb t\u00eb ekuilibruar me shum\u00eb fruta dhe perime \u00e7do dit\u00eb. Ushqimet tona p\u00ebrgatiten n\u00eb [&hellip;]<\/p>\n","protected":false},"author":1,"featured_media":0,"parent":32002,"menu_order":0,"comment_status":"closed","ping_status":"closed","template":"","meta":{"footnotes":""},"class_list":["post-32021","page","type-page","status-publish","hentry"],"_links":{"self":[{"href":"https:\/\/www.kitatiptap.ch\/sq\/wp-json\/wp\/v2\/pages\/32021","targetHints":{"allow":["GET"]}}],"collection":[{"href":"https:\/\/www.kitatiptap.ch\/sq\/wp-json\/wp\/v2\/pages"}],"about":[{"href":"https:\/\/www.kitatiptap.ch\/sq\/wp-json\/wp\/v2\/types\/page"}],"author":[{"embeddable":true,"href":"https:\/\/www.kitatiptap.ch\/sq\/wp-json\/wp\/v2\/users\/1"}],"replies":[{"embeddable":true,"href":"https:\/\/www.kitatiptap.ch\/sq\/wp-json\/wp\/v2\/comments?post=32021"}],"version-history":[{"count":0,"href":"https:\/\/www.kitatiptap.ch\/sq\/wp-json\/wp\/v2\/pages\/32021\/revisions"}],"up":[{"embeddable":true,"href":"https:\/\/www.kitatiptap.ch\/sq\/wp-json\/wp\/v2\/pages\/32002"}],"wp:attachment":[{"href":"https:\/\/www.kitatiptap.ch\/sq\/wp-json\/wp\/v2\/media?parent=32021"}],"curies":[{"name":"wp","href":"https:\/\/api.w.org\/{rel}","templated":true}]}}