{"id":31977,"date":"2023-03-08T15:18:25","date_gmt":"2023-03-08T15:18:25","guid":{"rendered":"https:\/\/www.kitatiptap.ch\/gjurme\/"},"modified":"2026-04-10T11:49:44","modified_gmt":"2026-04-10T11:49:44","slug":"gjurme","status":"publish","type":"page","link":"https:\/\/www.kitatiptap.ch\/sq\/gjurme\/","title":{"rendered":"gjurm\u00eb"},"content":{"rendered":"\t\t<div data-elementor-type=\"wp-page\" data-elementor-id=\"31977\" class=\"elementor elementor-31977 elementor-197\" data-elementor-post-type=\"page\">\n\t\t\t\t\t\t<section class=\"elementor-section elementor-top-section elementor-element elementor-element-693dd46 elementor-section-boxed elementor-section-height-default elementor-section-height-default\" data-id=\"693dd46\" data-element_type=\"section\" data-e-type=\"section\">\n\t\t\t\t\t\t<div class=\"elementor-container elementor-column-gap-default\">\n\t\t\t\t\t<div class=\"elementor-column elementor-col-100 elementor-top-column elementor-element elementor-element-ce4c44e\" data-id=\"ce4c44e\" data-element_type=\"column\" data-e-type=\"column\">\n\t\t\t<div class=\"elementor-widget-wrap elementor-element-populated\">\n\t\t\t\t\t\t<section class=\"elementor-section elementor-inner-section elementor-element elementor-element-b9ee126 elementor-section-boxed elementor-section-height-default elementor-section-height-default\" data-id=\"b9ee126\" data-element_type=\"section\" data-e-type=\"section\">\n\t\t\t\t\t\t<div class=\"elementor-container elementor-column-gap-default\">\n\t\t\t\t\t<div class=\"elementor-column elementor-col-100 elementor-inner-column elementor-element elementor-element-905c60d\" data-id=\"905c60d\" data-element_type=\"column\" data-e-type=\"column\">\n\t\t\t<div class=\"elementor-widget-wrap elementor-element-populated\">\n\t\t\t\t\t\t<div class=\"elementor-element elementor-element-84863ef elementor-widget elementor-widget-text-editor\" data-id=\"84863ef\" data-element_type=\"widget\" data-e-type=\"widget\" data-widget_type=\"text-editor.default\">\n\t\t\t\t\t\t\t\t\t<h4>adresa e kontaktit<\/h4><p>TipTap Lyss GmbH<br> Bahnhofstrasse 19<br> 3250 Lyss<br> <a href=\"mailto:info@kitatiptap.ch\">info@kitatiptap.ch<\/a><\/p><h4>Kontakt teknik<\/h4><p>Webtrics GmbH<br> Sheshi i Tregut 16<br> 3250 Lyss<br> <a href=\"mailto:info@webtrics.ch\" target=\"_blank\" rel=\"noopener noreferrer\">info@webtrics.ch<br><\/a> <a href=\"http:\/\/www.webtrics.ch\/\" target=\"_blank\" rel=\"noopener noreferrer\">www.webtrics.ch<\/a><\/p><h4>P\u00ebrfaq\u00ebsuesit e Autorizuar<\/h4><p>Stephanie Schuetz<\/p><h4>regjistrimi i regjistrit tregtar<\/h4><p>Emri i kompanis\u00eb s\u00eb regjistruar: TipTap Lyss GmbH<br> Numri: CH-036.4.076.569-7<br> Zyra e Regjistrimit Tregtar: Bern<\/p><h4>Numri i TVSH-s\u00eb<\/h4><p>CHE-495.461.028<\/p><h4>Mohim p\u00ebrgjegj\u00ebsie<\/h4><p>Autori nuk mban asnj\u00eb p\u00ebrgjegj\u00ebsi p\u00ebr korrekt\u00ebsin\u00eb, sakt\u00ebsin\u00eb, afatin kohor, besueshm\u00ebrin\u00eb dhe plot\u00ebsin\u00eb e informacionit.<\/p><p>P\u00ebrjashtohen pretendimet e p\u00ebrgjegj\u00ebsis\u00eb kund\u00ebr autorit p\u00ebr d\u00ebme materiale ose jomateriale q\u00eb vijn\u00eb nga aksesi, p\u00ebrdorimi ose mosp\u00ebrdorimi i informacionit t\u00eb publikuar, keqp\u00ebrdorimi i lidhjes ose gabimet teknike.<\/p><p>T\u00eb gjitha ofertat jan\u00eb jo t\u00eb detyrueshme. Autori rezervon shprehimisht t\u00eb drejt\u00ebn t\u00eb ndryshoj\u00eb, plot\u00ebsoj\u00eb ose fshij\u00eb pjes\u00eb t\u00eb faqeve ose t\u00eb gjith\u00eb ofert\u00ebn pa njoftim paraprak ose t\u00eb nd\u00ebrpres\u00eb p\u00ebrkoh\u00ebsisht ose p\u00ebrgjithmon\u00eb publikimin.<\/p><h4>P\u00ebrgjegj\u00ebsia p\u00ebr lidhjet<\/h4><p>Referencat dhe lidhjet me faqet e internetit t\u00eb pal\u00ebve t\u00eb treta jan\u00eb jasht\u00eb fush\u00ebs son\u00eb t\u00eb p\u00ebrgjegj\u00ebsis\u00eb. \u00c7do p\u00ebrgjegj\u00ebsi p\u00ebr faqet e tilla t\u00eb internetit refuzohet. Qasja dhe p\u00ebrdorimi i faqeve t\u00eb tilla t\u00eb internetit \u00ebsht\u00eb n\u00eb rrezik t\u00eb vet\u00eb p\u00ebrdoruesit.<\/p><h4>t\u00eb drejtat e autorit<\/h4><p>E drejta e autorit dhe t\u00eb gjitha t\u00eb drejtat e tjera p\u00ebr p\u00ebrmbajtjen, imazhet, fotot ose skedar\u00ebt e tjer\u00eb n\u00eb faqen e internetit i p\u00ebrkasin ekskluzivisht <strong>TipTap Lyss GmbH<\/strong> ose mbajt\u00ebsve t\u00eb t\u00eb drejtave t\u00eb p\u00ebrmendura n\u00eb m\u00ebnyr\u00eb specifike. Leja me shkrim e mbajt\u00ebsve t\u00eb s\u00eb drejt\u00ebs s\u00eb autorit duhet t\u00eb merret paraprakisht p\u00ebr riprodhimin e \u00e7do elementi.<\/p><h4>mbrojtjen e t\u00eb dh\u00ebnave<\/h4><p>Bazuar n\u00eb nenin 13 t\u00eb Kushtetut\u00ebs Federale t\u00eb Zvicr\u00ebs dhe rregulloret p\u00ebr mbrojtjen e t\u00eb dh\u00ebnave t\u00eb qeveris\u00eb federale (Data Protection Act, DSG), \u00e7do person ka t\u00eb drejt\u00ebn e mbrojtjes s\u00eb privat\u00ebsis\u00eb s\u00eb tij dhe mbrojtjes nga keqp\u00ebrdorimi i t\u00eb dh\u00ebnave t\u00eb tij personale. Ne jemi n\u00eb p\u00ebrputhje me k\u00ebto rregullore. T\u00eb dh\u00ebnat personale trajtohen si rrept\u00ebsisht konfidenciale dhe as nuk shiten dhe as nuk u kalohen pal\u00ebve t\u00eb treta.<\/p><p>N\u00eb bashk\u00ebpunim t\u00eb ngusht\u00eb me ofruesit tan\u00eb t\u00eb pritjes, ne p\u00ebrpiqemi t\u00eb mbrojm\u00eb bazat e t\u00eb dh\u00ebnave sa m\u00eb mir\u00eb q\u00eb t\u00eb jet\u00eb e mundur nga aksesi, humbja, keqp\u00ebrdorimi ose falsifikimi i paautorizuar.<\/p><p>Kur hyni n\u00eb faqen ton\u00eb t\u00eb internetit, t\u00eb dh\u00ebnat e m\u00ebposhtme ruhen n\u00eb skedar\u00ebt e regjistrave: adresa IP, data, ora, k\u00ebrkesa e shfletuesit dhe e p\u00ebrgjithshme informacion t\u00eb transmetuar n\u00eb lidhje me sistemin operativ resp. shfletuesit. K\u00ebto t\u00eb dh\u00ebna p\u00ebrdorimi p\u00ebrb\u00ebjn\u00eb baz\u00ebn p\u00ebr vler\u00ebsime statistikore, anonime, n\u00eb m\u00ebnyr\u00eb q\u00eb t\u00eb identifikohen tendencat, t\u00eb cilat ne mund t&#8217;i p\u00ebrdorim p\u00ebr t\u00eb p\u00ebrmir\u00ebsuar ofertat tona n\u00eb p\u00ebrputhje me rrethanat.<\/p>\t\t\t\t\t\t\t\t<\/div>\n\t\t\t\t\t<\/div>\n\t\t<\/div>\n\t\t\t\t\t<\/div>\n\t\t<\/section>\n\t\t\t\t\t<\/div>\n\t\t<\/div>\n\t\t\t\t\t<\/div>\n\t\t<\/section>\n\t\t\t\t<\/div>\n\t\t","protected":false},"excerpt":{"rendered":"<p>adresa e kontaktit TipTap Lyss GmbH Bahnhofstrasse 19 3250 Lyss info@kitatiptap.ch Kontakt teknik Webtrics GmbH Sheshi i Tregut 16 3250 Lyss info@webtrics.ch www.webtrics.ch P\u00ebrfaq\u00ebsuesit e Autorizuar Stephanie Schuetz regjistrimi i regjistrit tregtar Emri i kompanis\u00eb s\u00eb regjistruar: TipTap Lyss GmbH Numri: CH-036.4.076.569-7 Zyra e Regjistrimit Tregtar: Bern Numri i TVSH-s\u00eb CHE-495.461.028 Mohim p\u00ebrgjegj\u00ebsie Autori nuk [&hellip;]<\/p>\n","protected":false},"author":1,"featured_media":0,"parent":0,"menu_order":22,"comment_status":"closed","ping_status":"closed","template":"","meta":{"footnotes":""},"class_list":["post-31977","page","type-page","status-publish","hentry"],"_links":{"self":[{"href":"https:\/\/www.kitatiptap.ch\/sq\/wp-json\/wp\/v2\/pages\/31977","targetHints":{"allow":["GET"]}}],"collection":[{"href":"https:\/\/www.kitatiptap.ch\/sq\/wp-json\/wp\/v2\/pages"}],"about":[{"href":"https:\/\/www.kitatiptap.ch\/sq\/wp-json\/wp\/v2\/types\/page"}],"author":[{"embeddable":true,"href":"https:\/\/www.kitatiptap.ch\/sq\/wp-json\/wp\/v2\/users\/1"}],"replies":[{"embeddable":true,"href":"https:\/\/www.kitatiptap.ch\/sq\/wp-json\/wp\/v2\/comments?post=31977"}],"version-history":[{"count":2,"href":"https:\/\/www.kitatiptap.ch\/sq\/wp-json\/wp\/v2\/pages\/31977\/revisions"}],"predecessor-version":[{"id":44231,"href":"https:\/\/www.kitatiptap.ch\/sq\/wp-json\/wp\/v2\/pages\/31977\/revisions\/44231"}],"wp:attachment":[{"href":"https:\/\/www.kitatiptap.ch\/sq\/wp-json\/wp\/v2\/media?parent=31977"}],"curies":[{"name":"wp","href":"https:\/\/api.w.org\/{rel}","templated":true}]}}