{"id":32244,"date":"2023-03-08T15:18:25","date_gmt":"2023-03-08T15:18:25","guid":{"rendered":"https:\/\/www.kitatiptap.ch\/impressao\/"},"modified":"2026-04-10T11:50:12","modified_gmt":"2026-04-10T11:50:12","slug":"impressao","status":"publish","type":"page","link":"https:\/\/www.kitatiptap.ch\/pt-pt\/impressao\/","title":{"rendered":"Impress\u00e3o"},"content":{"rendered":"\t\t<div data-elementor-type=\"wp-page\" data-elementor-id=\"32244\" class=\"elementor elementor-32244 elementor-197\" data-elementor-post-type=\"page\">\n\t\t\t\t\t\t<section class=\"elementor-section elementor-top-section elementor-element elementor-element-693dd46 elementor-section-boxed elementor-section-height-default elementor-section-height-default\" data-id=\"693dd46\" data-element_type=\"section\" data-e-type=\"section\">\n\t\t\t\t\t\t<div class=\"elementor-container elementor-column-gap-default\">\n\t\t\t\t\t<div class=\"elementor-column elementor-col-100 elementor-top-column elementor-element elementor-element-ce4c44e\" data-id=\"ce4c44e\" data-element_type=\"column\" data-e-type=\"column\">\n\t\t\t<div class=\"elementor-widget-wrap elementor-element-populated\">\n\t\t\t\t\t\t<section class=\"elementor-section elementor-inner-section elementor-element elementor-element-b9ee126 elementor-section-boxed elementor-section-height-default elementor-section-height-default\" data-id=\"b9ee126\" data-element_type=\"section\" data-e-type=\"section\">\n\t\t\t\t\t\t<div class=\"elementor-container elementor-column-gap-default\">\n\t\t\t\t\t<div class=\"elementor-column elementor-col-100 elementor-inner-column elementor-element elementor-element-905c60d\" data-id=\"905c60d\" data-element_type=\"column\" data-e-type=\"column\">\n\t\t\t<div class=\"elementor-widget-wrap elementor-element-populated\">\n\t\t\t\t\t\t<div class=\"elementor-element elementor-element-84863ef elementor-widget elementor-widget-text-editor\" data-id=\"84863ef\" data-element_type=\"widget\" data-e-type=\"widget\" data-widget_type=\"text-editor.default\">\n\t\t\t\t\t\t\t\t\t<h4>Endere\u00e7o de contacto<\/h4><p>TipTap Lyss GmbH<br>Bahnhofstrasse 19<br>3250 Lyss<br><a href=\"mailto:info@kitatiptap.ch\">info@kitatiptap.ch<\/a><\/p><h4>Contacto t\u00e9cnico<\/h4><p>Webtrics GmbH<br>Marktplatz 16<br>3250 Lyss<br><a href=\"mailto:info@webtrics.ch\" target=\"_blank\" rel=\"noopener noreferrer\">info@webtrics.ch<br><\/a><a href=\"http:\/\/www.webtrics.ch\/\" target=\"_blank\" rel=\"noopener noreferrer\">www.webtrics.ch<\/a><\/p><h4>Representantes autorizados<\/h4><p>Stephanie Sch\u00fctz<\/p><h4>Inscri\u00e7\u00e3o no registo comercial<\/h4><p>Nome da empresa registada: TipTap Lyss GmbH<br>N\u00famero: CH-036.4.076.569-7<br>Sede do registo comercial: Berna<\/p><h4>N\u00famero de IVA<\/h4><p>CHE-495.461.028<\/p><h4>Declara\u00e7\u00e3o de exonera\u00e7\u00e3o de responsabilidade<\/h4><p>O autor n\u00e3o assume qualquer responsabilidade no que diz respeito \u00e0 correc\u00e7\u00e3o, exactid\u00e3o, actualidade, fiabilidade e integridade das informa\u00e7\u00f5es.<\/p><p>As reivindica\u00e7\u00f5es de responsabilidade por danos causados pela utiliza\u00e7\u00e3o de qualquer informa\u00e7\u00e3o fornecida, incluindo qualquer tipo de informa\u00e7\u00e3o incompleta ou incorrecta, ser\u00e3o, por conseguinte, rejeitadas.<\/p><p>Todas as ofertas n\u00e3o s\u00e3o vinculativas. O autor reserva-se expressamente o direito de alterar, completar ou suprimir partes das p\u00e1ginas ou todo o s\u00edtio Web sem aviso pr\u00e9vio, ou de cessar a publica\u00e7\u00e3o tempor\u00e1ria ou permanentemente.<\/p><h4>Responsabilidade pelas liga\u00e7\u00f5es<\/h4><p>As refer\u00eancias e liga\u00e7\u00f5es a s\u00edtios Web de terceiros est\u00e3o fora da nossa \u00e1rea de responsabilidade. O acesso e a utiliza\u00e7\u00e3o desses s\u00edtios Web s\u00e3o da responsabilidade do utilizador.<\/p><h4>Direitos de autor<\/h4><p>Os direitos de autor e todos os outros direitos sobre os conte\u00fados, imagens, fotografias ou outros ficheiros do s\u00edtio Web pertencem exclusivamente \u00e0 <strong>TipTap Lyss GmbH<\/strong> ou aos titulares dos direitos especificamente designados. Para a reprodu\u00e7\u00e3o de quaisquer elementos, \u00e9 necess\u00e1rio obter previamente o consentimento escrito dos titulares dos direitos de autor.<\/p><h4>Protec\u00e7\u00e3o de dados<\/h4><p>Com base no artigo 13.\u00ba da Constitui\u00e7\u00e3o Federal Su\u00ed\u00e7a e nas disposi\u00e7\u00f5es de protec\u00e7\u00e3o de dados da Confedera\u00e7\u00e3o (Lei da Protec\u00e7\u00e3o de Dados, DPA), todas as pessoas t\u00eam direito \u00e0 protec\u00e7\u00e3o da sua privacidade, bem como \u00e0 protec\u00e7\u00e3o contra a utiliza\u00e7\u00e3o abusiva dos seus dados pessoais. Cumprimos estes regulamentos. Os dados pessoais s\u00e3o tratados de forma estritamente confidencial e n\u00e3o s\u00e3o vendidos nem transmitidos a terceiros.<\/p><p>Em estreita colabora\u00e7\u00e3o com os nossos fornecedores de alojamento, esfor\u00e7amo-nos por proteger as bases de dados, tanto quanto poss\u00edvel, contra o acesso n\u00e3o autorizado, a perda, a utiliza\u00e7\u00e3o indevida ou a falsifica\u00e7\u00e3o.<\/p><p>Quando acede ao nosso s\u00edtio Web, os seguintes dados s\u00e3o armazenados em ficheiros de registo: Endere\u00e7o IP, data, hora, pedido de navega\u00e7\u00e3o e informa\u00e7\u00f5es gerais. transmitiu informa\u00e7\u00f5es sobre o sistema operativo ou Navegador. Estes dados de utiliza\u00e7\u00e3o servem de base para avalia\u00e7\u00f5es estat\u00edsticas e an\u00f3nimas, de modo a que possam ser identificadas tend\u00eancias, que poderemos utilizar para melhorar as nossas ofertas em conformidade.<\/p>\t\t\t\t\t\t\t\t<\/div>\n\t\t\t\t\t<\/div>\n\t\t<\/div>\n\t\t\t\t\t<\/div>\n\t\t<\/section>\n\t\t\t\t\t<\/div>\n\t\t<\/div>\n\t\t\t\t\t<\/div>\n\t\t<\/section>\n\t\t\t\t<\/div>\n\t\t","protected":false},"excerpt":{"rendered":"<p>Endere\u00e7o de contacto TipTap Lyss GmbHBahnhofstrasse 193250 Lyssinfo@kitatiptap.ch Contacto t\u00e9cnico Webtrics GmbHMarktplatz 163250 Lyssinfo@webtrics.chwww.webtrics.ch Representantes autorizados Stephanie Sch\u00fctz Inscri\u00e7\u00e3o no registo comercial Nome da empresa registada: TipTap Lyss GmbHN\u00famero: CH-036.4.076.569-7Sede do registo comercial: Berna N\u00famero de IVA CHE-495.461.028 Declara\u00e7\u00e3o de exonera\u00e7\u00e3o de responsabilidade O autor n\u00e3o assume qualquer responsabilidade no que diz respeito \u00e0 correc\u00e7\u00e3o, [&hellip;]<\/p>\n","protected":false},"author":1,"featured_media":0,"parent":0,"menu_order":22,"comment_status":"closed","ping_status":"closed","template":"","meta":{"footnotes":""},"class_list":["post-32244","page","type-page","status-publish","hentry"],"_links":{"self":[{"href":"https:\/\/www.kitatiptap.ch\/pt-pt\/wp-json\/wp\/v2\/pages\/32244","targetHints":{"allow":["GET"]}}],"collection":[{"href":"https:\/\/www.kitatiptap.ch\/pt-pt\/wp-json\/wp\/v2\/pages"}],"about":[{"href":"https:\/\/www.kitatiptap.ch\/pt-pt\/wp-json\/wp\/v2\/types\/page"}],"author":[{"embeddable":true,"href":"https:\/\/www.kitatiptap.ch\/pt-pt\/wp-json\/wp\/v2\/users\/1"}],"replies":[{"embeddable":true,"href":"https:\/\/www.kitatiptap.ch\/pt-pt\/wp-json\/wp\/v2\/comments?post=32244"}],"version-history":[{"count":2,"href":"https:\/\/www.kitatiptap.ch\/pt-pt\/wp-json\/wp\/v2\/pages\/32244\/revisions"}],"predecessor-version":[{"id":44263,"href":"https:\/\/www.kitatiptap.ch\/pt-pt\/wp-json\/wp\/v2\/pages\/32244\/revisions\/44263"}],"wp:attachment":[{"href":"https:\/\/www.kitatiptap.ch\/pt-pt\/wp-json\/wp\/v2\/media?parent=32244"}],"curies":[{"name":"wp","href":"https:\/\/api.w.org\/{rel}","templated":true}]}}