{"id":35472,"date":"2024-01-12T09:10:13","date_gmt":"2024-01-12T09:10:13","guid":{"rendered":"https:\/\/www.kitatiptap.ch\/mascotte-du-tipi\/"},"modified":"2024-01-22T13:01:28","modified_gmt":"2024-01-22T13:01:28","slug":"mascotte-du-tipi","status":"publish","type":"page","link":"https:\/\/www.kitatiptap.ch\/fr\/mascotte-du-tipi\/","title":{"rendered":"Mascotte du TIPI"},"content":{"rendered":"\t\t<div data-elementor-type=\"wp-page\" data-elementor-id=\"35472\" class=\"elementor elementor-35472 elementor-35246\" data-elementor-post-type=\"page\">\n\t\t\t\t\t\t<section class=\"elementor-section elementor-top-section elementor-element elementor-element-fa3487c elementor-section-height-min-height elementor-section-items-bottom elementor-section-boxed elementor-section-height-default\" data-id=\"fa3487c\" data-element_type=\"section\" data-e-type=\"section\" data-settings=\"{&quot;background_background&quot;:&quot;classic&quot;,&quot;shape_divider_bottom&quot;:&quot;mountains&quot;}\">\n\t\t\t\t\t<div class=\"elementor-shape elementor-shape-bottom\" aria-hidden=\"true\" data-negative=\"false\">\n\t\t\t<svg xmlns=\"http:\/\/www.w3.org\/2000\/svg\" viewBox=\"0 0 1000 100\" preserveAspectRatio=\"none\">\n\t<path class=\"elementor-shape-fill\" opacity=\"0.33\" d=\"M473,67.3c-203.9,88.3-263.1-34-320.3,0C66,119.1,0,59.7,0,59.7V0h1000v59.7 c0,0-62.1,26.1-94.9,29.3c-32.8,3.3-62.8-12.3-75.8-22.1C806,49.6,745.3,8.7,694.9,4.7S492.4,59,473,67.3z\"\/>\n\t<path class=\"elementor-shape-fill\" opacity=\"0.66\" d=\"M734,67.3c-45.5,0-77.2-23.2-129.1-39.1c-28.6-8.7-150.3-10.1-254,39.1 s-91.7-34.4-149.2,0C115.7,118.3,0,39.8,0,39.8V0h1000v36.5c0,0-28.2-18.5-92.1-18.5C810.2,18.1,775.7,67.3,734,67.3z\"\/>\n\t<path class=\"elementor-shape-fill\" d=\"M766.1,28.9c-200-57.5-266,65.5-395.1,19.5C242,1.8,242,5.4,184.8,20.6C128,35.8,132.3,44.9,89.9,52.5C28.6,63.7,0,0,0,0 h1000c0,0-9.9,40.9-83.6,48.1S829.6,47,766.1,28.9z\"\/>\n<\/svg>\t\t<\/div>\n\t\t\t\t\t<div class=\"elementor-container elementor-column-gap-no\">\n\t\t\t\t\t<div class=\"elementor-column elementor-col-100 elementor-top-column elementor-element elementor-element-5af400e\" data-id=\"5af400e\" data-element_type=\"column\" data-e-type=\"column\">\n\t\t\t<div class=\"elementor-widget-wrap elementor-element-populated\">\n\t\t\t\t\t\t<div class=\"elementor-element elementor-element-d08edee elementor-widget__width-auto elementor-widget-tablet__width-inherit elementor-invisible elementor-widget elementor-widget-heading\" data-id=\"d08edee\" data-element_type=\"widget\" data-e-type=\"widget\" data-settings=\"{&quot;_animation&quot;:&quot;fadeInDown&quot;}\" data-widget_type=\"heading.default\">\n\t\t\t\t\t<h1 class=\"elementor-heading-title elementor-size-default\">Mascotte du TIPI<\/h1>\t\t\t\t<\/div>\n\t\t\t\t\t<\/div>\n\t\t<\/div>\n\t\t\t\t\t<\/div>\n\t\t<\/section>\n\t\t\t\t<section class=\"elementor-section elementor-top-section elementor-element elementor-element-132b6bf elementor-section-boxed elementor-section-height-default elementor-section-height-default\" data-id=\"132b6bf\" data-element_type=\"section\" data-e-type=\"section\">\n\t\t\t\t\t\t<div class=\"elementor-container elementor-column-gap-default\">\n\t\t\t\t\t<div class=\"elementor-column elementor-col-100 elementor-top-column elementor-element elementor-element-0a1eb04\" data-id=\"0a1eb04\" data-element_type=\"column\" data-e-type=\"column\">\n\t\t\t<div class=\"elementor-widget-wrap elementor-element-populated\">\n\t\t\t\t\t\t<div class=\"elementor-element elementor-element-9a9c850 elementor-widget elementor-widget-heading\" data-id=\"9a9c850\" data-element_type=\"widget\" data-e-type=\"widget\" data-widget_type=\"heading.default\">\n\t\t\t\t\t<h6 class=\"elementor-heading-title elementor-size-default\">Un v\u00e9ritable ami<\/h6>\t\t\t\t<\/div>\n\t\t\t\t<div class=\"elementor-element elementor-element-b0e9b84 elementor-widget elementor-widget-heading\" data-id=\"b0e9b84\" data-element_type=\"widget\" data-e-type=\"widget\" data-widget_type=\"heading.default\">\n\t\t\t\t\t<h2 class=\"elementor-heading-title elementor-size-default\">TIPI  <\/h2>\t\t\t\t<\/div>\n\t\t\t\t<section class=\"elementor-section elementor-inner-section elementor-element elementor-element-b781abb elementor-section-boxed elementor-section-height-default elementor-section-height-default\" data-id=\"b781abb\" data-element_type=\"section\" data-e-type=\"section\">\n\t\t\t\t\t\t<div class=\"elementor-container elementor-column-gap-default\">\n\t\t\t\t\t<div class=\"elementor-column elementor-col-50 elementor-inner-column elementor-element elementor-element-b571965\" data-id=\"b571965\" data-element_type=\"column\" data-e-type=\"column\">\n\t\t\t<div class=\"elementor-widget-wrap elementor-element-populated\">\n\t\t\t\t\t\t<div class=\"elementor-element elementor-element-0272dc5 elementor-widget elementor-widget-text-editor\" data-id=\"0272dc5\" data-element_type=\"widget\" data-e-type=\"widget\" data-widget_type=\"text-editor.default\">\n\t\t\t\t\t\t\t\t\t<p><strong>Qui est Tipi ?<\/strong><\/p>\n<p>Tipi est une mascotte joyeuse et sympathique, synonyme de plaisir, d&rsquo;aventure et d&rsquo;\u00e9nergie positive. Tipi est une marmotte et nous apporte une magie particuli\u00e8re avec son sourire \u00e9clatant.<\/p>\n<p><strong>Qu&rsquo;est-ce qui rend Tipi si sp\u00e9cial ?<\/strong><\/p>\n<p>Tipi aime jouer avec les enfants, stimuler leur cr\u00e9ativit\u00e9 et les encourager \u00e0 explorer le monde qui les entoure. Qu&rsquo;il s&rsquo;agisse de raconter des histoires ensemble, de faire des danses amusantes ou de r\u00e9soudre des petites \u00e9nigmes, Tipi est toujours de la partie et garantit des moments inoubliables.<\/p>\n<p><strong>Comment Tipi s&rsquo;int\u00e8gre-t-il dans nos activit\u00e9s ?<\/strong><\/p>\n<p>Tipi participera \u00e0 l&rsquo;avenir \u00e0 diff\u00e9rents \u00e9v\u00e9nements, qu&rsquo;il s&rsquo;agisse de f\u00eates d&rsquo;\u00e9cole, de f\u00eates d&rsquo;anniversaire ou de journ\u00e9es th\u00e9matiques sp\u00e9ciales. Vous verrez aussi Tipi dans nos activit\u00e9s d&rsquo;apprentissage, o\u00f9 il motive les enfants \u00e0 d\u00e9couvrir de nouvelles choses en s&rsquo;amusant.<\/p>\n<p>N&rsquo;h\u00e9sitez pas \u00e0 saluer Tipi et \u00e0 lui poser des questions. Il est l\u00e0 pour r\u00e9pandre la joie et cr\u00e9er une atmosph\u00e8re positive. Passons ensemble un moment inoubliable avec Tipi !<\/p>\n\t\t\t\t\t\t\t\t<\/div>\n\t\t\t\t\t<\/div>\n\t\t<\/div>\n\t\t\t\t<div class=\"elementor-column elementor-col-50 elementor-inner-column elementor-element elementor-element-3372ff2\" data-id=\"3372ff2\" data-element_type=\"column\" data-e-type=\"column\">\n\t\t\t<div class=\"elementor-widget-wrap elementor-element-populated\">\n\t\t\t\t\t\t<div class=\"elementor-element elementor-element-8dbdb12 elementor-widget elementor-widget-image\" data-id=\"8dbdb12\" data-element_type=\"widget\" data-e-type=\"widget\" data-widget_type=\"image.default\">\n\t\t\t\t\t\t\t\t\t\t\t\t\t\t\t<img fetchpriority=\"high\" decoding=\"async\" width=\"577\" height=\"1024\" src=\"https:\/\/www.kitatiptap.ch\/wp-content\/uploads\/2024\/01\/IMG-20240111-WA0033-577x1024.jpg\" class=\"attachment-large size-large wp-image-35264\" alt=\"\" srcset=\"https:\/\/www.kitatiptap.ch\/wp-content\/uploads\/2024\/01\/IMG-20240111-WA0033-577x1024.jpg 577w, https:\/\/www.kitatiptap.ch\/wp-content\/uploads\/2024\/01\/IMG-20240111-WA0033-169x300.jpg 169w, https:\/\/www.kitatiptap.ch\/wp-content\/uploads\/2024\/01\/IMG-20240111-WA0033-768x1362.jpg 768w, https:\/\/www.kitatiptap.ch\/wp-content\/uploads\/2024\/01\/IMG-20240111-WA0033.jpg 812w\" sizes=\"(max-width: 577px) 100vw, 577px\" \/>\t\t\t\t\t\t\t\t\t\t\t\t\t\t\t<\/div>\n\t\t\t\t\t<\/div>\n\t\t<\/div>\n\t\t\t\t\t<\/div>\n\t\t<\/section>\n\t\t\t\t<div class=\"elementor-element elementor-element-d65680c elementor-widget elementor-widget-spacer\" data-id=\"d65680c\" data-element_type=\"widget\" data-e-type=\"widget\" data-widget_type=\"spacer.default\">\n\t\t\t\t\t\t\t<div class=\"elementor-spacer\">\n\t\t\t<div class=\"elementor-spacer-inner\"><\/div>\n\t\t<\/div>\n\t\t\t\t\t\t<\/div>\n\t\t\t\t\t<\/div>\n\t\t<\/div>\n\t\t\t\t\t<\/div>\n\t\t<\/section>\n\t\t\t\t<\/div>\n\t\t","protected":false},"excerpt":{"rendered":"<p>Mascotte du TIPI Un v\u00e9ritable ami TIPI Qui est Tipi ? Tipi est une mascotte joyeuse et sympathique, synonyme de plaisir, d&rsquo;aventure et d&rsquo;\u00e9nergie positive. Tipi est une marmotte et nous apporte une magie particuli\u00e8re avec son sourire \u00e9clatant. Qu&rsquo;est-ce qui rend Tipi si sp\u00e9cial ? Tipi aime jouer avec les enfants, stimuler leur cr\u00e9ativit\u00e9 [&hellip;]<\/p>\n","protected":false},"author":3,"featured_media":0,"parent":0,"menu_order":0,"comment_status":"closed","ping_status":"closed","template":"","meta":{"footnotes":""},"class_list":["post-35472","page","type-page","status-publish","hentry"],"_links":{"self":[{"href":"https:\/\/www.kitatiptap.ch\/fr\/wp-json\/wp\/v2\/pages\/35472","targetHints":{"allow":["GET"]}}],"collection":[{"href":"https:\/\/www.kitatiptap.ch\/fr\/wp-json\/wp\/v2\/pages"}],"about":[{"href":"https:\/\/www.kitatiptap.ch\/fr\/wp-json\/wp\/v2\/types\/page"}],"author":[{"embeddable":true,"href":"https:\/\/www.kitatiptap.ch\/fr\/wp-json\/wp\/v2\/users\/3"}],"replies":[{"embeddable":true,"href":"https:\/\/www.kitatiptap.ch\/fr\/wp-json\/wp\/v2\/comments?post=35472"}],"version-history":[{"count":0,"href":"https:\/\/www.kitatiptap.ch\/fr\/wp-json\/wp\/v2\/pages\/35472\/revisions"}],"wp:attachment":[{"href":"https:\/\/www.kitatiptap.ch\/fr\/wp-json\/wp\/v2\/media?parent=35472"}],"curies":[{"name":"wp","href":"https:\/\/api.w.org\/{rel}","templated":true}]}}