{"id":35442,"date":"2024-01-12T09:10:13","date_gmt":"2024-01-12T09:10:13","guid":{"rendered":"https:\/\/www.kitatiptap.ch\/mascota-tipi\/"},"modified":"2024-01-22T13:01:14","modified_gmt":"2024-01-22T13:01:14","slug":"mascota-tipi","status":"publish","type":"page","link":"https:\/\/www.kitatiptap.ch\/es\/mascota-tipi\/","title":{"rendered":"Mascota TIPI"},"content":{"rendered":"\t\t<div data-elementor-type=\"wp-page\" data-elementor-id=\"35442\" class=\"elementor elementor-35442 elementor-35246\" data-elementor-post-type=\"page\">\n\t\t\t\t\t\t<section class=\"elementor-section elementor-top-section elementor-element elementor-element-fa3487c elementor-section-height-min-height elementor-section-items-bottom elementor-section-boxed elementor-section-height-default\" data-id=\"fa3487c\" data-element_type=\"section\" data-e-type=\"section\" data-settings=\"{&quot;background_background&quot;:&quot;classic&quot;,&quot;shape_divider_bottom&quot;:&quot;mountains&quot;}\">\n\t\t\t\t\t<div class=\"elementor-shape elementor-shape-bottom\" aria-hidden=\"true\" data-negative=\"false\">\n\t\t\t<svg xmlns=\"http:\/\/www.w3.org\/2000\/svg\" viewBox=\"0 0 1000 100\" preserveAspectRatio=\"none\">\n\t<path class=\"elementor-shape-fill\" opacity=\"0.33\" d=\"M473,67.3c-203.9,88.3-263.1-34-320.3,0C66,119.1,0,59.7,0,59.7V0h1000v59.7 c0,0-62.1,26.1-94.9,29.3c-32.8,3.3-62.8-12.3-75.8-22.1C806,49.6,745.3,8.7,694.9,4.7S492.4,59,473,67.3z\"\/>\n\t<path class=\"elementor-shape-fill\" opacity=\"0.66\" d=\"M734,67.3c-45.5,0-77.2-23.2-129.1-39.1c-28.6-8.7-150.3-10.1-254,39.1 s-91.7-34.4-149.2,0C115.7,118.3,0,39.8,0,39.8V0h1000v36.5c0,0-28.2-18.5-92.1-18.5C810.2,18.1,775.7,67.3,734,67.3z\"\/>\n\t<path class=\"elementor-shape-fill\" d=\"M766.1,28.9c-200-57.5-266,65.5-395.1,19.5C242,1.8,242,5.4,184.8,20.6C128,35.8,132.3,44.9,89.9,52.5C28.6,63.7,0,0,0,0 h1000c0,0-9.9,40.9-83.6,48.1S829.6,47,766.1,28.9z\"\/>\n<\/svg>\t\t<\/div>\n\t\t\t\t\t<div class=\"elementor-container elementor-column-gap-no\">\n\t\t\t\t\t<div class=\"elementor-column elementor-col-100 elementor-top-column elementor-element elementor-element-5af400e\" data-id=\"5af400e\" data-element_type=\"column\" data-e-type=\"column\">\n\t\t\t<div class=\"elementor-widget-wrap elementor-element-populated\">\n\t\t\t\t\t\t<div class=\"elementor-element elementor-element-d08edee elementor-widget__width-auto elementor-widget-tablet__width-inherit elementor-invisible elementor-widget elementor-widget-heading\" data-id=\"d08edee\" data-element_type=\"widget\" data-e-type=\"widget\" data-settings=\"{&quot;_animation&quot;:&quot;fadeInDown&quot;}\" data-widget_type=\"heading.default\">\n\t\t\t\t\t<h1 class=\"elementor-heading-title elementor-size-default\">Mascota TIPI<\/h1>\t\t\t\t<\/div>\n\t\t\t\t\t<\/div>\n\t\t<\/div>\n\t\t\t\t\t<\/div>\n\t\t<\/section>\n\t\t\t\t<section class=\"elementor-section elementor-top-section elementor-element elementor-element-132b6bf elementor-section-boxed elementor-section-height-default elementor-section-height-default\" data-id=\"132b6bf\" data-element_type=\"section\" data-e-type=\"section\">\n\t\t\t\t\t\t<div class=\"elementor-container elementor-column-gap-default\">\n\t\t\t\t\t<div class=\"elementor-column elementor-col-100 elementor-top-column elementor-element elementor-element-0a1eb04\" data-id=\"0a1eb04\" data-element_type=\"column\" data-e-type=\"column\">\n\t\t\t<div class=\"elementor-widget-wrap elementor-element-populated\">\n\t\t\t\t\t\t<div class=\"elementor-element elementor-element-9a9c850 elementor-widget elementor-widget-heading\" data-id=\"9a9c850\" data-element_type=\"widget\" data-e-type=\"widget\" data-widget_type=\"heading.default\">\n\t\t\t\t\t<h6 class=\"elementor-heading-title elementor-size-default\">Un verdadero amigo<\/h6>\t\t\t\t<\/div>\n\t\t\t\t<div class=\"elementor-element elementor-element-b0e9b84 elementor-widget elementor-widget-heading\" data-id=\"b0e9b84\" data-element_type=\"widget\" data-e-type=\"widget\" data-widget_type=\"heading.default\">\n\t\t\t\t\t<h2 class=\"elementor-heading-title elementor-size-default\">TIPI  <\/h2>\t\t\t\t<\/div>\n\t\t\t\t<section class=\"elementor-section elementor-inner-section elementor-element elementor-element-b781abb elementor-section-boxed elementor-section-height-default elementor-section-height-default\" data-id=\"b781abb\" data-element_type=\"section\" data-e-type=\"section\">\n\t\t\t\t\t\t<div class=\"elementor-container elementor-column-gap-default\">\n\t\t\t\t\t<div class=\"elementor-column elementor-col-50 elementor-inner-column elementor-element elementor-element-b571965\" data-id=\"b571965\" data-element_type=\"column\" data-e-type=\"column\">\n\t\t\t<div class=\"elementor-widget-wrap elementor-element-populated\">\n\t\t\t\t\t\t<div class=\"elementor-element elementor-element-0272dc5 elementor-widget elementor-widget-text-editor\" data-id=\"0272dc5\" data-element_type=\"widget\" data-e-type=\"widget\" data-widget_type=\"text-editor.default\">\n\t\t\t\t\t\t\t\t\t<p><strong>\u00bfQui\u00e9n es Tipi?<\/strong><\/p>\n<p>Tipi es una mascota alegre y simp\u00e1tica que representa la diversi\u00f3n, la aventura y la energ\u00eda positiva. Tipi es una marmota y nos aporta una magia especial con su radiante sonrisa.<\/p>\n<p><strong>\u00bfQu\u00e9 hace que Tipi sea tan especial?<\/strong><\/p>\n<p>A Tipi le encanta jugar con los ni\u00f1os, alimentar su creatividad y animarles a explorar el mundo que les rodea. Ya sea contando historias juntos, bailando divertidos bailes o resolviendo peque\u00f1os rompecabezas, Tipi siempre est\u00e1 ah\u00ed y crea momentos inolvidables.<\/p>\n<p><strong>\u00bfC\u00f3mo se integra Tipi en nuestras actividades?<\/strong><\/p>\n<p>Tipi participar\u00e1 en varios eventos en el futuro, ya sean festivales escolares, fiestas de cumplea\u00f1os o d\u00edas tem\u00e1ticos especiales. Tambi\u00e9n ver\u00e1s a Tipi en nuestras actividades de aprendizaje, donde motiva a los ni\u00f1os a descubrir cosas nuevas a trav\u00e9s del juego.<\/p>\n<p>No tengas miedo de saludar a Tipi y hacerle preguntas. Est\u00e1 aqu\u00ed para difundir alegr\u00eda y crear un ambiente positivo. \u00a1Pasemos juntos un rato inolvidable con Tipi!<\/p>\n\t\t\t\t\t\t\t\t<\/div>\n\t\t\t\t\t<\/div>\n\t\t<\/div>\n\t\t\t\t<div class=\"elementor-column elementor-col-50 elementor-inner-column elementor-element elementor-element-3372ff2\" data-id=\"3372ff2\" data-element_type=\"column\" data-e-type=\"column\">\n\t\t\t<div class=\"elementor-widget-wrap elementor-element-populated\">\n\t\t\t\t\t\t<div class=\"elementor-element elementor-element-8dbdb12 elementor-widget elementor-widget-image\" data-id=\"8dbdb12\" data-element_type=\"widget\" data-e-type=\"widget\" data-widget_type=\"image.default\">\n\t\t\t\t\t\t\t\t\t\t\t\t\t\t\t<img fetchpriority=\"high\" decoding=\"async\" width=\"577\" height=\"1024\" src=\"https:\/\/www.kitatiptap.ch\/wp-content\/uploads\/2024\/01\/IMG-20240111-WA0033-577x1024.jpg\" class=\"attachment-large size-large wp-image-35270\" alt=\"\" srcset=\"https:\/\/www.kitatiptap.ch\/wp-content\/uploads\/2024\/01\/IMG-20240111-WA0033-577x1024.jpg 577w, https:\/\/www.kitatiptap.ch\/wp-content\/uploads\/2024\/01\/IMG-20240111-WA0033-169x300.jpg 169w, https:\/\/www.kitatiptap.ch\/wp-content\/uploads\/2024\/01\/IMG-20240111-WA0033-768x1362.jpg 768w, https:\/\/www.kitatiptap.ch\/wp-content\/uploads\/2024\/01\/IMG-20240111-WA0033.jpg 812w\" sizes=\"(max-width: 577px) 100vw, 577px\" \/>\t\t\t\t\t\t\t\t\t\t\t\t\t\t\t<\/div>\n\t\t\t\t\t<\/div>\n\t\t<\/div>\n\t\t\t\t\t<\/div>\n\t\t<\/section>\n\t\t\t\t<div class=\"elementor-element elementor-element-d65680c elementor-widget elementor-widget-spacer\" data-id=\"d65680c\" data-element_type=\"widget\" data-e-type=\"widget\" data-widget_type=\"spacer.default\">\n\t\t\t\t\t\t\t<div class=\"elementor-spacer\">\n\t\t\t<div class=\"elementor-spacer-inner\"><\/div>\n\t\t<\/div>\n\t\t\t\t\t\t<\/div>\n\t\t\t\t\t<\/div>\n\t\t<\/div>\n\t\t\t\t\t<\/div>\n\t\t<\/section>\n\t\t\t\t<\/div>\n\t\t","protected":false},"excerpt":{"rendered":"<p>Mascota TIPI Un verdadero amigo TIPI \u00bfQui\u00e9n es Tipi? Tipi es una mascota alegre y simp\u00e1tica que representa la diversi\u00f3n, la aventura y la energ\u00eda positiva. Tipi es una marmota y nos aporta una magia especial con su radiante sonrisa. \u00bfQu\u00e9 hace que Tipi sea tan especial? A Tipi le encanta jugar con los ni\u00f1os, [&hellip;]<\/p>\n","protected":false},"author":3,"featured_media":0,"parent":0,"menu_order":0,"comment_status":"closed","ping_status":"closed","template":"","meta":{"footnotes":""},"class_list":["post-35442","page","type-page","status-publish","hentry"],"_links":{"self":[{"href":"https:\/\/www.kitatiptap.ch\/es\/wp-json\/wp\/v2\/pages\/35442","targetHints":{"allow":["GET"]}}],"collection":[{"href":"https:\/\/www.kitatiptap.ch\/es\/wp-json\/wp\/v2\/pages"}],"about":[{"href":"https:\/\/www.kitatiptap.ch\/es\/wp-json\/wp\/v2\/types\/page"}],"author":[{"embeddable":true,"href":"https:\/\/www.kitatiptap.ch\/es\/wp-json\/wp\/v2\/users\/3"}],"replies":[{"embeddable":true,"href":"https:\/\/www.kitatiptap.ch\/es\/wp-json\/wp\/v2\/comments?post=35442"}],"version-history":[{"count":0,"href":"https:\/\/www.kitatiptap.ch\/es\/wp-json\/wp\/v2\/pages\/35442\/revisions"}],"wp:attachment":[{"href":"https:\/\/www.kitatiptap.ch\/es\/wp-json\/wp\/v2\/media?parent=35442"}],"curies":[{"name":"wp","href":"https:\/\/api.w.org\/{rel}","templated":true}]}}