{"id":31914,"date":"2023-03-10T07:15:37","date_gmt":"2023-03-10T07:15:37","guid":{"rendered":"https:\/\/www.kitatiptap.ch\/poslovi\/"},"modified":"2026-03-17T15:23:41","modified_gmt":"2026-03-17T15:23:41","slug":"poslovi","status":"publish","type":"page","link":"https:\/\/www.kitatiptap.ch\/bs\/poslovi\/","title":{"rendered":"poslovi"},"content":{"rendered":"\t\t<div data-elementor-type=\"wp-page\" data-elementor-id=\"31914\" class=\"elementor elementor-31914 elementor-368\" data-elementor-post-type=\"page\">\n\t\t\t\t\t\t<section class=\"elementor-section elementor-top-section elementor-element elementor-element-6ee7356 elementor-section-height-min-height elementor-section-items-bottom elementor-section-boxed elementor-section-height-default\" data-id=\"6ee7356\" data-element_type=\"section\" data-e-type=\"section\" data-settings=\"{&quot;background_background&quot;:&quot;classic&quot;,&quot;shape_divider_bottom&quot;:&quot;mountains&quot;}\">\n\t\t\t\t\t<div class=\"elementor-shape elementor-shape-bottom\" aria-hidden=\"true\" data-negative=\"false\">\n\t\t\t<svg xmlns=\"http:\/\/www.w3.org\/2000\/svg\" viewBox=\"0 0 1000 100\" preserveAspectRatio=\"none\">\n\t<path class=\"elementor-shape-fill\" opacity=\"0.33\" d=\"M473,67.3c-203.9,88.3-263.1-34-320.3,0C66,119.1,0,59.7,0,59.7V0h1000v59.7 c0,0-62.1,26.1-94.9,29.3c-32.8,3.3-62.8-12.3-75.8-22.1C806,49.6,745.3,8.7,694.9,4.7S492.4,59,473,67.3z\"\/>\n\t<path class=\"elementor-shape-fill\" opacity=\"0.66\" d=\"M734,67.3c-45.5,0-77.2-23.2-129.1-39.1c-28.6-8.7-150.3-10.1-254,39.1 s-91.7-34.4-149.2,0C115.7,118.3,0,39.8,0,39.8V0h1000v36.5c0,0-28.2-18.5-92.1-18.5C810.2,18.1,775.7,67.3,734,67.3z\"\/>\n\t<path class=\"elementor-shape-fill\" d=\"M766.1,28.9c-200-57.5-266,65.5-395.1,19.5C242,1.8,242,5.4,184.8,20.6C128,35.8,132.3,44.9,89.9,52.5C28.6,63.7,0,0,0,0 h1000c0,0-9.9,40.9-83.6,48.1S829.6,47,766.1,28.9z\"\/>\n<\/svg>\t\t<\/div>\n\t\t\t\t\t<div class=\"elementor-container elementor-column-gap-no\">\n\t\t\t\t\t<div class=\"elementor-column elementor-col-100 elementor-top-column elementor-element elementor-element-2f11aed\" data-id=\"2f11aed\" data-element_type=\"column\" data-e-type=\"column\">\n\t\t\t<div class=\"elementor-widget-wrap elementor-element-populated\">\n\t\t\t\t\t\t<div class=\"elementor-element elementor-element-7f02667 elementor-widget__width-auto elementor-widget-tablet__width-inherit elementor-invisible elementor-widget elementor-widget-heading\" data-id=\"7f02667\" data-element_type=\"widget\" data-e-type=\"widget\" data-settings=\"{&quot;_animation&quot;:&quot;fadeInDown&quot;}\" data-widget_type=\"heading.default\">\n\t\t\t\t\t<h1 class=\"elementor-heading-title elementor-size-default\">poslovi<\/h1>\t\t\t\t<\/div>\n\t\t\t\t\t<\/div>\n\t\t<\/div>\n\t\t\t\t\t<\/div>\n\t\t<\/section>\n\t\t\t\t<section class=\"elementor-section elementor-top-section elementor-element elementor-element-a70aef5 elementor-section-boxed elementor-section-height-default elementor-section-height-default\" data-id=\"a70aef5\" data-element_type=\"section\" data-e-type=\"section\">\n\t\t\t\t\t\t<div class=\"elementor-container elementor-column-gap-default\">\n\t\t\t\t\t<div class=\"elementor-column elementor-col-100 elementor-top-column elementor-element elementor-element-f439544\" data-id=\"f439544\" data-element_type=\"column\" data-e-type=\"column\">\n\t\t\t<div class=\"elementor-widget-wrap elementor-element-populated\">\n\t\t\t\t\t\t<div class=\"elementor-element elementor-element-1a15ca9 elementor-widget elementor-widget-heading\" data-id=\"1a15ca9\" data-element_type=\"widget\" data-e-type=\"widget\" data-widget_type=\"heading.default\">\n\t\t\t\t\t<h6 class=\"elementor-heading-title elementor-size-default\">Tra\u017eite novi izazov?<\/h6>\t\t\t\t<\/div>\n\t\t\t\t<div class=\"elementor-element elementor-element-5323c37 elementor-widget elementor-widget-heading\" data-id=\"5323c37\" data-element_type=\"widget\" data-e-type=\"widget\" data-widget_type=\"heading.default\">\n\t\t\t\t\t<h4 class=\"elementor-heading-title elementor-size-default\">Spremni smo za da\u0161ak svje\u017eeg zraka \u2013 mo\u017eda ga i vi mo\u017eete ponijeti sa sobom?<\/h4>\t\t\t\t<\/div>\n\t\t\t\t<div class=\"elementor-element elementor-element-436e26c elementor-widget elementor-widget-text-editor\" data-id=\"436e26c\" data-element_type=\"widget\" data-e-type=\"widget\" data-widget_type=\"text-editor.default\">\n\t\t\t\t\t\t\t\t\t<p>Nudimo nove profesionalne izazove. Radujemo se Va\u0161em javljanju! <\/p>\t\t\t\t\t\t\t\t<\/div>\n\t\t\t\t<div class=\"elementor-element elementor-element-f8a6f75 elementor-tabs-view-horizontal elementor-widget elementor-widget-tabs\" data-id=\"f8a6f75\" data-element_type=\"widget\" data-e-type=\"widget\" data-widget_type=\"tabs.default\">\n\t\t\t\t\t\t\t<div class=\"elementor-tabs\">\n\t\t\t<div class=\"elementor-tabs-wrapper\" role=\"tablist\" >\n\t\t\t\t\t\t\t\t\t<div id=\"elementor-tab-title-2601\" class=\"elementor-tab-title elementor-tab-desktop-title\" aria-selected=\"true\" data-tab=\"1\" role=\"tab\" tabindex=\"0\" aria-controls=\"elementor-tab-content-2601\" aria-expanded=\"false\">KVALIFIKACIJA<\/div>\n\t\t\t\t\t\t\t\t\t<div id=\"elementor-tab-title-2602\" class=\"elementor-tab-title elementor-tab-desktop-title\" aria-selected=\"false\" data-tab=\"2\" role=\"tab\" tabindex=\"-1\" aria-controls=\"elementor-tab-content-2602\" aria-expanded=\"false\">ZADOVOLJSTVO<\/div>\n\t\t\t\t\t\t\t\t\t<div id=\"elementor-tab-title-2603\" class=\"elementor-tab-title elementor-tab-desktop-title\" aria-selected=\"false\" data-tab=\"3\" role=\"tab\" tabindex=\"-1\" aria-controls=\"elementor-tab-content-2603\" aria-expanded=\"false\">KVALITETA<\/div>\n\t\t\t\t\t\t\t\t\t<div id=\"elementor-tab-title-2604\" class=\"elementor-tab-title elementor-tab-desktop-title\" aria-selected=\"false\" data-tab=\"4\" role=\"tab\" tabindex=\"-1\" aria-controls=\"elementor-tab-content-2604\" aria-expanded=\"false\">PROBNI RAD\/PRAKSA<\/div>\n\t\t\t\t\t\t\t<\/div>\n\t\t\t<div class=\"elementor-tabs-content-wrapper\" role=\"tablist\" aria-orientation=\"vertical\">\n\t\t\t\t\t\t\t\t\t<div class=\"elementor-tab-title elementor-tab-mobile-title\" aria-selected=\"true\" data-tab=\"1\" role=\"tab\" tabindex=\"0\" aria-controls=\"elementor-tab-content-2601\" aria-expanded=\"false\">KVALIFIKACIJA<\/div>\n\t\t\t\t\t<div id=\"elementor-tab-content-2601\" class=\"elementor-tab-content elementor-clearfix\" data-tab=\"1\" role=\"tabpanel\" aria-labelledby=\"elementor-tab-title-2601\" tabindex=\"0\" hidden=\"false\"><p>Na\u0161 tim supervizora je stru\u010dno osposobljen i ima \u0161irok spektar pedago\u0161kih vje\u0161tina. Imaju kvalifikacije kao edukatori djece HF, socijalni pedagozi, FaBeK ili su zavr\u0161ili drugu priznatu obuku. Veliku va\u017enost pridajemo \u010dinjenici da na\u0161i zaposleni kontinuirano pro\u0161iruju svoje vidike tokom svog zaposlenja i usavr\u0161avaju svoje vje\u0161tine kroz stru\u010dno i li\u010dno usavr\u0161avanje. Na ovaj na\u010din uvijek mo\u017eete biti u toku.<\/p>\n<p>Osobe na\u0161ih njegovatelja oblikuju atmosferu i svakodnevni \u017eivot u na\u0161em dnevnom centru. Pored otvorenog i pozitivnog stava, spontanost, kreativnost i sposobnost dono\u0161enja odluka va\u017ene su osobine koje nosite sa sobom. Timski rad zahtijeva otvorenost, toleranciju, sposobnost rje\u0161avanja sukoba i spremnost da razmi\u0161ljate o sebi i svojim postupcima. Jer znamo da skladan i konstruktivan tim \u010dini najbolju osnovu za ljubav i brigu o djeci.<\/p>\n<\/div>\n\t\t\t\t\t\t\t\t\t<div class=\"elementor-tab-title elementor-tab-mobile-title\" aria-selected=\"false\" data-tab=\"2\" role=\"tab\" tabindex=\"-1\" aria-controls=\"elementor-tab-content-2602\" aria-expanded=\"false\">ZADOVOLJSTVO<\/div>\n\t\t\t\t\t<div id=\"elementor-tab-content-2602\" class=\"elementor-tab-content elementor-clearfix\" data-tab=\"2\" role=\"tabpanel\" aria-labelledby=\"elementor-tab-title-2602\" tabindex=\"0\" hidden=\"hidden\"><p>Kad god je to mogu\u0107e, tim je uklju\u010den u dono\u0161enje odluka. Podru\u010dja u kojima je ovo trenutno slu\u010daj i podru\u010dja u kojima bi to trebalo dodatno pro\u0161iriti kontinuirano se preispituju.<br \/> Va\u017ene oblasti u kojima tim mo\u017ee imati utjecaja uklju\u010duju:<br \/>\u200b<br \/> \u2022 Zapo\u0161ljavanje novih radnika<br \/> \u2022 Kori\u0161tenje prostorija i objekata<br \/> \u2022 Obrazovne teme prema snagama i interesima<\/p>\n<\/div>\n\t\t\t\t\t\t\t\t\t<div class=\"elementor-tab-title elementor-tab-mobile-title\" aria-selected=\"false\" data-tab=\"3\" role=\"tab\" tabindex=\"-1\" aria-controls=\"elementor-tab-content-2603\" aria-expanded=\"false\">KVALITETA<\/div>\n\t\t\t\t\t<div id=\"elementor-tab-content-2603\" class=\"elementor-tab-content elementor-clearfix\" data-tab=\"3\" role=\"tabpanel\" aria-labelledby=\"elementor-tab-title-2603\" tabindex=\"0\" hidden=\"hidden\"><p>Kako bismo osigurali kvalitetan pedago\u0161ki rad, od velike je va\u017enosti da ga kontinuirano evaluiramo i osporavamo. Na sastancima na\u0161eg tima redovno odvajamo vrijeme za razmi\u0161ljanje o na\u0161im ciljevima, metodama rada, trenutnim radnim situacijama i obrazovnim sadr\u017eajima. Pregledavamo potrebe i okvirne uslove kako bismo osigurali da uvijek mo\u017eemo pru\u017eiti najbolju mogu\u0107u uslugu.<\/p>\n<p>Jednom godi\u0161nje zatvaramo dnevni boravak za poseban dan obuke, gdje provodimo intenzivnu obuku. Ovog dana imamo priliku da se bavimo novim pedago\u0161kim pristupima, aktuelnim dostignu\u0107ima i proverenim metodama. Ovaj dan obuke je va\u017ena prekretnica za nas da pro\u0161irimo svoja znanja i dobijemo novi zamah za na\u0161 obrazovni rad.<\/p>\n<\/div>\n\t\t\t\t\t\t\t\t\t<div class=\"elementor-tab-title elementor-tab-mobile-title\" aria-selected=\"false\" data-tab=\"4\" role=\"tab\" tabindex=\"-1\" aria-controls=\"elementor-tab-content-2604\" aria-expanded=\"false\">PROBNI RAD\/PRAKSA<\/div>\n\t\t\t\t\t<div id=\"elementor-tab-content-2604\" class=\"elementor-tab-content elementor-clearfix\" data-tab=\"4\" role=\"tabpanel\" aria-labelledby=\"elementor-tab-title-2604\" tabindex=\"0\" hidden=\"hidden\"><h6><span style=\"color: #5f5f5f;\">\u017delite li saznati da li vam na\u0161a karijera ili na\u0161a institucija odgovara?<img decoding=\"async\" class=\"wp-image-42673 alignright\" src=\"https:\/\/www.kitatiptap.ch\/wp-content\/uploads\/2025\/10\/Schueler-Wegweiser-schnuppern-1024x782.png\" alt=\"\" width=\"151\" height=\"116\" srcset=\"https:\/\/www.kitatiptap.ch\/wp-content\/uploads\/2025\/10\/Schueler-Wegweiser-schnuppern-1024x782.png 1024w, https:\/\/www.kitatiptap.ch\/wp-content\/uploads\/2025\/10\/Schueler-Wegweiser-schnuppern-300x229.png 300w, https:\/\/www.kitatiptap.ch\/wp-content\/uploads\/2025\/10\/Schueler-Wegweiser-schnuppern-768x587.png 768w, https:\/\/www.kitatiptap.ch\/wp-content\/uploads\/2025\/10\/Schueler-Wegweiser-schnuppern.png 1508w\" sizes=\"(max-width: 151px) 100vw, 151px\" \/><\/span><\/h6>\n<p>Onda do\u0111ite na probni dan ili probnu sedmicu!&nbsp;<\/p>\n<p data-start=\"1266\" data-end=\"1363\">Jednostavno nam po\u0161aljite svoj CV <strong>(leandra@kitatiptap.ch)<\/strong> \u2013 kontaktirat \u0107emo vas kako bismo dogovorili odgovaraju\u0107i termin.<\/p>\n<p data-start=\"1266\" data-end=\"1363\">Trenutno: Pripravni\u0161tva 2026 (popunjeno)<\/p>\n<\/div>\n\t\t\t\t\t\t\t<\/div>\n\t\t<\/div>\n\t\t\t\t\t\t<\/div>\n\t\t\t\t<div class=\"elementor-element elementor-element-2cf1952 elementor-widget elementor-widget-text-editor\" data-id=\"2cf1952\" data-element_type=\"widget\" data-e-type=\"widget\" data-widget_type=\"text-editor.default\">\n\t\t\t\t\t\t\t\t\t<p><strong>Trenutno nemamo slobodnih radnih mjesta.<\/strong><\/p>\t\t\t\t\t\t\t\t<\/div>\n\t\t\t\t<div class=\"elementor-element elementor-element-1dbf031 elementor-widget-divider--view-line elementor-widget elementor-widget-divider\" data-id=\"1dbf031\" data-element_type=\"widget\" data-e-type=\"widget\" data-widget_type=\"divider.default\">\n\t\t\t\t\t\t\t<div class=\"elementor-divider\">\n\t\t\t<span class=\"elementor-divider-separator\">\n\t\t\t\t\t\t<\/span>\n\t\t<\/div>\n\t\t\t\t\t\t<\/div>\n\t\t\t\t\t<\/div>\n\t\t<\/div>\n\t\t\t\t\t<\/div>\n\t\t<\/section>\n\t\t\t\t<section class=\"elementor-section elementor-top-section elementor-element elementor-element-2f9ade1 elementor-section-boxed elementor-section-height-default elementor-section-height-default\" data-id=\"2f9ade1\" data-element_type=\"section\" data-e-type=\"section\">\n\t\t\t\t\t\t<div class=\"elementor-container elementor-column-gap-default\">\n\t\t\t\t\t<div class=\"elementor-column elementor-col-33 elementor-top-column elementor-element elementor-element-886d4db\" data-id=\"886d4db\" data-element_type=\"column\" data-e-type=\"column\">\n\t\t\t<div class=\"elementor-widget-wrap elementor-element-populated\">\n\t\t\t\t\t\t<div class=\"elementor-element elementor-element-3d4c053 elementor-widget elementor-widget-heading\" data-id=\"3d4c053\" data-element_type=\"widget\" data-e-type=\"widget\" data-widget_type=\"heading.default\">\n\t\t\t\t\t<h4 class=\"elementor-heading-title elementor-size-default\">ne\u017eeljena aplikacija<\/h4>\t\t\t\t<\/div>\n\t\t\t\t<div class=\"elementor-element elementor-element-b6d0500 elementor-button-align-stretch elementor-widget elementor-widget-form\" data-id=\"b6d0500\" data-element_type=\"widget\" data-e-type=\"widget\" data-settings=\"{&quot;step_next_label&quot;:&quot;Sljede\\u0107i&quot;,&quot;step_previous_label&quot;:&quot;Prethodno&quot;,&quot;button_width&quot;:&quot;33&quot;,&quot;step_type&quot;:&quot;number_text&quot;,&quot;step_icon_shape&quot;:&quot;circle&quot;}\" data-widget_type=\"form.default\">\n\t\t\t\t\t\t\t<form class=\"elementor-form\" method=\"post\" name=\"nova forma\" aria-label=\"nova forma\">\n\t\t\t<input type=\"hidden\" name=\"post_id\" value=\"31914\"\/>\n\t\t\t<input type=\"hidden\" name=\"form_id\" value=\"b6d0500\"\/>\n\t\t\t<input type=\"hidden\" name=\"referer_title\" value=\"\" \/>\n\n\t\t\t\n\t\t\t<div class=\"elementor-form-fields-wrapper elementor-labels-above\">\n\t\t\t\t\t\t\t\t<div class=\"elementor-field-type-text elementor-field-group elementor-column elementor-field-group-name elementor-col-100 elementor-field-required\">\n\t\t\t\t\t\t\t\t\t\t\t\t<label for=\"form-field-name\" class=\"elementor-field-label\">\n\t\t\t\t\t\t\t\tIme\t\t\t\t\t\t\t<\/label>\n\t\t\t\t\t\t\t\t\t\t\t\t\t\t<input size=\"1\" type=\"text\" name=\"form_fields[name]\" id=\"form-field-name\" class=\"elementor-field elementor-size-sm  elementor-field-textual\" required=\"required\">\n\t\t\t\t\t\t\t\t\t\t\t<\/div>\n\t\t\t\t\t\t\t\t<div class=\"elementor-field-type-text elementor-field-group elementor-column elementor-field-group-field_87a8c0a elementor-col-100 elementor-field-required\">\n\t\t\t\t\t\t\t\t\t\t\t\t<label for=\"form-field-field_87a8c0a\" class=\"elementor-field-label\">\n\t\t\t\t\t\t\t\tPrezime\t\t\t\t\t\t\t<\/label>\n\t\t\t\t\t\t\t\t\t\t\t\t\t\t<input size=\"1\" type=\"text\" name=\"form_fields[field_87a8c0a]\" id=\"form-field-field_87a8c0a\" class=\"elementor-field elementor-size-sm  elementor-field-textual\" required=\"required\">\n\t\t\t\t\t\t\t\t\t\t\t<\/div>\n\t\t\t\t\t\t\t\t<div class=\"elementor-field-type-email elementor-field-group elementor-column elementor-field-group-email elementor-col-100 elementor-field-required\">\n\t\t\t\t\t\t\t\t\t\t\t\t<label for=\"form-field-email\" class=\"elementor-field-label\">\n\t\t\t\t\t\t\t\tE-mail\t\t\t\t\t\t\t<\/label>\n\t\t\t\t\t\t\t\t\t\t\t\t\t\t<input size=\"1\" type=\"email\" name=\"form_fields[email]\" id=\"form-field-email\" class=\"elementor-field elementor-size-sm  elementor-field-textual\" required=\"required\">\n\t\t\t\t\t\t\t\t\t\t\t<\/div>\n\t\t\t\t\t\t\t\t<div class=\"elementor-field-type-tel elementor-field-group elementor-column elementor-field-group-field_f84fdc8 elementor-col-100 elementor-field-required\">\n\t\t\t\t\t\t\t\t\t\t\t\t<label for=\"form-field-field_f84fdc8\" class=\"elementor-field-label\">\n\t\t\t\t\t\t\t\ttelefon\t\t\t\t\t\t\t<\/label>\n\t\t\t\t\t\t\t\t<input size=\"1\" type=\"tel\" name=\"form_fields[field_f84fdc8]\" id=\"form-field-field_f84fdc8\" class=\"elementor-field elementor-size-sm  elementor-field-textual\" required=\"required\" pattern=\"[0-9()#&amp;+*-=.]+\" title=\"Only numbers and phone characters (#, -, *, etc) are accepted.\">\n\n\t\t\t\t\t\t<\/div>\n\t\t\t\t\t\t\t\t<div class=\"elementor-field-type-upload elementor-field-group elementor-column elementor-field-group-cv elementor-col-100\">\n\t\t\t\t\t\t\t\t\t\t\t\t<label for=\"form-field-cv\" class=\"elementor-field-label\">\n\t\t\t\t\t\t\t\tupload files\t\t\t\t\t\t\t<\/label>\n\t\t\t\t\t\t\t\t<input type=\"file\" name=\"form_fields[cv][]\" id=\"form-field-cv\" class=\"elementor-field elementor-size-sm  elementor-upload-field\" multiple=\"multiple\" data-maxsize=\"4\" data-maxsize-message=\"This file exceeds the maximum allowed size.\">\n\n\t\t\t\t\t\t<\/div>\n\t\t\t\t\t\t\t\t<div class=\"elementor-field-type-textarea elementor-field-group elementor-column elementor-field-group-message elementor-col-100\">\n\t\t\t\t\t\t\t\t\t\t\t\t<label for=\"form-field-message\" class=\"elementor-field-label\">\n\t\t\t\t\t\t\t\tVijesti\t\t\t\t\t\t\t<\/label>\n\t\t\t\t\t\t<textarea class=\"elementor-field-textual elementor-field  elementor-size-sm\" name=\"form_fields[message]\" id=\"form-field-message\" rows=\"4\"><\/textarea>\t\t\t\t<\/div>\n\t\t\t\t\t\t\t\t<div class=\"elementor-field-type-recaptcha_v3 elementor-field-group elementor-column elementor-field-group-field_b07a0a6 elementor-col-100 recaptcha_v3-inline\">\n\t\t\t\t\t<div class=\"elementor-field\" id=\"form-field-field_b07a0a6\"><div class=\"elementor-g-recaptcha\" data-sitekey=\"6Ld1L7AlAAAAADBoI6BPnxMaFNza2LXNUe-WTYn6\" data-type=\"v3\" data-action=\"Form\" data-badge=\"inline\" data-size=\"invisible\"><\/div><\/div>\t\t\t\t<\/div>\n\t\t\t\t\t\t\t\t<div class=\"elementor-field-group elementor-column elementor-field-type-submit elementor-col-33 e-form__buttons\">\n\t\t\t\t\t<button class=\"elementor-button elementor-size-sm\" type=\"submit\">\n\t\t\t\t\t\t<span class=\"elementor-button-content-wrapper\">\n\t\t\t\t\t\t\t\t\t\t\t\t\t\t\t\t\t\t\t\t\t\t<span class=\"elementor-button-text\">Po\u0161alji<\/span>\n\t\t\t\t\t\t\t\t\t\t\t\t\t<\/span>\n\t\t\t\t\t<\/button>\n\t\t\t\t<\/div>\n\t\t\t<\/div>\n\t\t<\/form>\n\t\t\t\t\t\t<\/div>\n\t\t\t\t<div class=\"elementor-element elementor-element-68c2a9c elementor-widget__width-initial elementor-absolute elementor-hidden-tablet elementor-hidden-phone elementor-invisible elementor-widget elementor-widget-spacer\" data-id=\"68c2a9c\" data-element_type=\"widget\" data-e-type=\"widget\" data-settings=\"{&quot;_position&quot;:&quot;absolute&quot;,&quot;motion_fx_motion_fx_scrolling&quot;:&quot;yes&quot;,&quot;motion_fx_translateY_effect&quot;:&quot;yes&quot;,&quot;motion_fx_translateY_direction&quot;:&quot;negative&quot;,&quot;motion_fx_translateY_speed&quot;:{&quot;unit&quot;:&quot;px&quot;,&quot;size&quot;:2,&quot;sizes&quot;:[]},&quot;motion_fx_translateY_affectedRange&quot;:{&quot;unit&quot;:&quot;%&quot;,&quot;size&quot;:&quot;&quot;,&quot;sizes&quot;:{&quot;start&quot;:25,&quot;end&quot;:67}},&quot;_animation&quot;:&quot;zoomIn&quot;,&quot;motion_fx_devices&quot;:[&quot;desktop&quot;,&quot;tablet&quot;,&quot;mobile&quot;]}\" data-widget_type=\"spacer.default\">\n\t\t\t\t\t\t\t<div class=\"elementor-spacer\">\n\t\t\t<div class=\"elementor-spacer-inner\"><\/div>\n\t\t<\/div>\n\t\t\t\t\t\t<\/div>\n\t\t\t\t\t<\/div>\n\t\t<\/div>\n\t\t\t\t<div class=\"elementor-column elementor-col-33 elementor-top-column elementor-element elementor-element-e8a90c6\" data-id=\"e8a90c6\" data-element_type=\"column\" data-e-type=\"column\">\n\t\t\t<div class=\"elementor-widget-wrap\">\n\t\t\t\t\t\t\t<\/div>\n\t\t<\/div>\n\t\t\t\t<div class=\"elementor-column elementor-col-33 elementor-top-column elementor-element elementor-element-c28c8e8\" data-id=\"c28c8e8\" data-element_type=\"column\" data-e-type=\"column\" data-settings=\"{&quot;background_background&quot;:&quot;classic&quot;}\">\n\t\t\t<div class=\"elementor-widget-wrap elementor-element-populated\">\n\t\t\t\t\t\t<div class=\"elementor-element elementor-element-d581189 elementor-widget elementor-widget-image\" data-id=\"d581189\" data-element_type=\"widget\" data-e-type=\"widget\" data-widget_type=\"image.default\">\n\t\t\t\t\t\t\t\t\t\t\t\t\t\t\t<img decoding=\"async\" src=\"https:\/\/www.kitatiptap.ch\/wp-content\/uploads\/elementor\/thumbs\/Talent-Motivation-Einstellung-qivnj9csl185gpbcgbmgkyme2ufjq1xkwt75740j3s.jpg\" title=\"Talenat, motivacija, stav\" alt=\"Talenat, motivacija, stav\" loading=\"lazy\" \/>\t\t\t\t\t\t\t\t\t\t\t\t\t\t\t<\/div>\n\t\t\t\t<div class=\"elementor-element elementor-element-78a92fd elementor-widget elementor-widget-spacer\" data-id=\"78a92fd\" data-element_type=\"widget\" data-e-type=\"widget\" data-widget_type=\"spacer.default\">\n\t\t\t\t\t\t\t<div class=\"elementor-spacer\">\n\t\t\t<div class=\"elementor-spacer-inner\"><\/div>\n\t\t<\/div>\n\t\t\t\t\t\t<\/div>\n\t\t\t\t<div class=\"elementor-element elementor-element-e69bb25 elementor-widget elementor-widget-heading\" data-id=\"e69bb25\" data-element_type=\"widget\" data-e-type=\"widget\" data-widget_type=\"heading.default\">\n\t\t\t\t\t<h5 class=\"elementor-heading-title elementor-size-default\">Adresa<\/h5>\t\t\t\t<\/div>\n\t\t\t\t<div class=\"elementor-element elementor-element-9b46ca6 elementor-widget elementor-widget-text-editor\" data-id=\"9b46ca6\" data-element_type=\"widget\" data-e-type=\"widget\" data-widget_type=\"text-editor.default\">\n\t\t\t\t\t\t\t\t\t<p>Menad\u017ement<\/p><p>Bahnhofstrasse 19<\/p><p>3250 Lyss<\/p><p>032 384 01 01<\/p><p>info@kitatiptap.ch<\/p>\t\t\t\t\t\t\t\t<\/div>\n\t\t\t\t<div class=\"elementor-element elementor-element-6235c65 elementor-widget__width-initial elementor-absolute elementor-hidden-tablet elementor-hidden-phone elementor-invisible elementor-widget elementor-widget-spacer\" data-id=\"6235c65\" data-element_type=\"widget\" data-e-type=\"widget\" data-settings=\"{&quot;_position&quot;:&quot;absolute&quot;,&quot;motion_fx_motion_fx_scrolling&quot;:&quot;yes&quot;,&quot;motion_fx_translateY_effect&quot;:&quot;yes&quot;,&quot;motion_fx_translateY_speed&quot;:{&quot;unit&quot;:&quot;px&quot;,&quot;size&quot;:2,&quot;sizes&quot;:[]},&quot;_animation&quot;:&quot;rotateInDownRight&quot;,&quot;motion_fx_translateY_affectedRange&quot;:{&quot;unit&quot;:&quot;%&quot;,&quot;size&quot;:&quot;&quot;,&quot;sizes&quot;:{&quot;start&quot;:0,&quot;end&quot;:100}},&quot;motion_fx_devices&quot;:[&quot;desktop&quot;,&quot;tablet&quot;,&quot;mobile&quot;]}\" data-widget_type=\"spacer.default\">\n\t\t\t\t\t\t\t<div class=\"elementor-spacer\">\n\t\t\t<div class=\"elementor-spacer-inner\"><\/div>\n\t\t<\/div>\n\t\t\t\t\t\t<\/div>\n\t\t\t\t\t<\/div>\n\t\t<\/div>\n\t\t\t\t\t<\/div>\n\t\t<\/section>\n\t\t\t\t<section class=\"elementor-section elementor-top-section elementor-element elementor-element-9742e22 elementor-section-full_width elementor-section-height-default elementor-section-height-default\" data-id=\"9742e22\" data-element_type=\"section\" data-e-type=\"section\" data-settings=\"{&quot;shape_divider_top&quot;:&quot;mountains&quot;}\">\n\t\t\t\t\t<div class=\"elementor-shape elementor-shape-top\" aria-hidden=\"true\" data-negative=\"false\">\n\t\t\t<svg xmlns=\"http:\/\/www.w3.org\/2000\/svg\" viewBox=\"0 0 1000 100\" preserveAspectRatio=\"none\">\n\t<path class=\"elementor-shape-fill\" opacity=\"0.33\" d=\"M473,67.3c-203.9,88.3-263.1-34-320.3,0C66,119.1,0,59.7,0,59.7V0h1000v59.7 c0,0-62.1,26.1-94.9,29.3c-32.8,3.3-62.8-12.3-75.8-22.1C806,49.6,745.3,8.7,694.9,4.7S492.4,59,473,67.3z\"\/>\n\t<path class=\"elementor-shape-fill\" opacity=\"0.66\" d=\"M734,67.3c-45.5,0-77.2-23.2-129.1-39.1c-28.6-8.7-150.3-10.1-254,39.1 s-91.7-34.4-149.2,0C115.7,118.3,0,39.8,0,39.8V0h1000v36.5c0,0-28.2-18.5-92.1-18.5C810.2,18.1,775.7,67.3,734,67.3z\"\/>\n\t<path class=\"elementor-shape-fill\" d=\"M766.1,28.9c-200-57.5-266,65.5-395.1,19.5C242,1.8,242,5.4,184.8,20.6C128,35.8,132.3,44.9,89.9,52.5C28.6,63.7,0,0,0,0 h1000c0,0-9.9,40.9-83.6,48.1S829.6,47,766.1,28.9z\"\/>\n<\/svg>\t\t<\/div>\n\t\t\t\t\t<div class=\"elementor-container elementor-column-gap-no\">\n\t\t\t\t\t<div class=\"elementor-column elementor-col-100 elementor-top-column elementor-element elementor-element-8ee4602\" data-id=\"8ee4602\" data-element_type=\"column\" data-e-type=\"column\">\n\t\t\t<div class=\"elementor-widget-wrap elementor-element-populated\">\n\t\t\t\t\t\t<div class=\"elementor-element elementor-element-21ee440 elementor-widget elementor-widget-spacer\" data-id=\"21ee440\" data-element_type=\"widget\" data-e-type=\"widget\" data-widget_type=\"spacer.default\">\n\t\t\t\t\t\t\t<div class=\"elementor-spacer\">\n\t\t\t<div class=\"elementor-spacer-inner\"><\/div>\n\t\t<\/div>\n\t\t\t\t\t\t<\/div>\n\t\t\t\t<div class=\"elementor-element elementor-element-9294191 elementor-widget elementor-widget-google_maps\" data-id=\"9294191\" data-element_type=\"widget\" data-e-type=\"widget\" data-widget_type=\"google_maps.default\">\n\t\t\t\t\t\t\t<div class=\"elementor-custom-embed\">\n\t\t\t<iframe loading=\"lazy\"\n\t\t\t\t\tsrc=\"https:\/\/www.google.com\/maps\/embed\/v1\/place?key=AIzaSyDzlsftxwAfproy5Tpzxp6sTJOEacnvnGs&#038;q=Kita%20TipTap%20Lyss&#038;zoom=17\"\n\t\t\t\t\ttitle=\"Kita TipTap Lyss\"\n\t\t\t\t\taria-label=\"Kita TipTap Lyss\"\n\t\t\t><\/iframe>\n\t\t<\/div>\n\t\t\t\t\t\t<\/div>\n\t\t\t\t\t<\/div>\n\t\t<\/div>\n\t\t\t\t\t<\/div>\n\t\t<\/section>\n\t\t\t\t<\/div>\n\t\t","protected":false},"excerpt":{"rendered":"<p>poslovi Tra\u017eite novi izazov? Spremni smo za da\u0161ak svje\u017eeg zraka \u2013 mo\u017eda ga i vi mo\u017eete ponijeti sa sobom? Nudimo nove profesionalne izazove. Radujemo se Va\u0161em javljanju! KVALIFIKACIJA ZADOVOLJSTVO KVALITETA PROBNI RAD\/PRAKSA KVALIFIKACIJA Na\u0161 tim supervizora je stru\u010dno osposobljen i ima \u0161irok spektar pedago\u0161kih vje\u0161tina. Imaju kvalifikacije kao edukatori djece HF, socijalni pedagozi, FaBeK ili [&hellip;]<\/p>\n","protected":false},"author":1,"featured_media":0,"parent":0,"menu_order":14,"comment_status":"closed","ping_status":"closed","template":"","meta":{"footnotes":""},"class_list":["post-31914","page","type-page","status-publish","hentry"],"_links":{"self":[{"href":"https:\/\/www.kitatiptap.ch\/bs\/wp-json\/wp\/v2\/pages\/31914","targetHints":{"allow":["GET"]}}],"collection":[{"href":"https:\/\/www.kitatiptap.ch\/bs\/wp-json\/wp\/v2\/pages"}],"about":[{"href":"https:\/\/www.kitatiptap.ch\/bs\/wp-json\/wp\/v2\/types\/page"}],"author":[{"embeddable":true,"href":"https:\/\/www.kitatiptap.ch\/bs\/wp-json\/wp\/v2\/users\/1"}],"replies":[{"embeddable":true,"href":"https:\/\/www.kitatiptap.ch\/bs\/wp-json\/wp\/v2\/comments?post=31914"}],"version-history":[{"count":12,"href":"https:\/\/www.kitatiptap.ch\/bs\/wp-json\/wp\/v2\/pages\/31914\/revisions"}],"predecessor-version":[{"id":43635,"href":"https:\/\/www.kitatiptap.ch\/bs\/wp-json\/wp\/v2\/pages\/31914\/revisions\/43635"}],"wp:attachment":[{"href":"https:\/\/www.kitatiptap.ch\/bs\/wp-json\/wp\/v2\/media?parent=31914"}],"curies":[{"name":"wp","href":"https:\/\/api.w.org\/{rel}","templated":true}]}}